{"id":5074,"date":"2024-09-06T11:34:51","date_gmt":"2024-09-06T09:34:51","guid":{"rendered":"https:\/\/petcellpen.com\/politica-de-privacidad\/"},"modified":"2024-09-06T11:34:51","modified_gmt":"2024-09-06T09:34:51","slug":"politica-de-privacidad","status":"publish","type":"page","link":"https:\/\/petcellpen.com\/pt\/politica-de-privacidad\/","title":{"rendered":"Pol\u00edtica de privacidad"},"content":{"rendered":"\t\t<div data-elementor-type=\"wp-page\" data-elementor-id=\"5074\" class=\"elementor elementor-5074 elementor-15\" data-elementor-post-type=\"page\">\n\t\t\t\t\t\t<section class=\"elementor-section elementor-top-section elementor-element elementor-element-96b8aba elementor-section-boxed elementor-section-height-default elementor-section-height-default\" data-id=\"96b8aba\" data-element_type=\"section\">\n\t\t\t\t\t\t<div class=\"elementor-container elementor-column-gap-default\">\n\t\t\t\t\t<div class=\"elementor-column elementor-col-100 elementor-top-column elementor-element elementor-element-22737fb\" data-id=\"22737fb\" data-element_type=\"column\">\n\t\t\t<div class=\"elementor-widget-wrap elementor-element-populated\">\n\t\t\t\t\t\t<div class=\"elementor-element elementor-element-5cfbcfd elementor-widget elementor-widget-text-editor\" data-id=\"5cfbcfd\" data-element_type=\"widget\" data-widget_type=\"text-editor.default\">\n\t\t\t\t<div class=\"elementor-widget-container\">\n\t\t\t\t\t\t\t<table class=\"table table-condensed\">\n<tbody>\n<tr>\n<td>Identifica\u00e7\u00e3o e dados de contato<\/td>\n<td>Raz\u00e3o social: <strong>INDUSTRIAL VETERINARIA, S.A., uma empresa do Grupo LIVISTO<\/strong><\/td>\n<\/tr>\n<tr>\n<td>Endere\u00e7o postal<\/td>\n<td>Avda. Universitat Aut\u00f2noma, 29. 08290, Cerdanyola del Vall\u00e8s (Barcelona).<\/td>\n<\/tr>\n<tr>\n<td>Dados de contato do Encarregado de Prote\u00e7\u00e3o de Dados<\/td>\n<td><a href=\"mailto:dpd@livisto.com\">dpd@livisto.com<\/a><\/td>\n<\/tr>\n<tr>\n<td>E-mail<\/td>\n<td><a href=\"mailto:privacidad@livisto.com\">privacidad@livisto.com<\/a><\/td>\n<\/tr>\n<\/tbody>\n<\/table>\n<p>Em cumprimento ao disposto no artigo 11 da Lei Org\u00e2nica 3\/2018, de 5 de dezembro, de Prote\u00e7\u00e3o de Dados Pessoais e garantia dos direitos digitais (doravante, LOPDGDD), <strong>LIVISTO<\/strong> informa que os dados pessoais que voc\u00ea fornecer durante sua navega\u00e7\u00e3o e\/ou atrav\u00e9s do preenchimento dos formul\u00e1rios do WEBSITE ser\u00e3o tratados por <strong>LIVISTO<\/strong>, com a FINALIDADE de gerenciar os servi\u00e7os oferecidos&#8230;<\/p>\n<p><strong><br><\/strong><\/p>\n<p><strong>COMO UTILIZAMOS SEUS DADOS?<\/strong><\/p>\n<p>Na <strong>LIVISTO<\/strong>, tratamos as informa\u00e7\u00f5es fornecidas por nossos clientes e\/ou usu\u00e1rios do website com a finalidade de prestar os servi\u00e7os solicitados.<\/p>\n<p>Usamos as informa\u00e7\u00f5es dispon\u00edveis, de acordo com suas decis\u00f5es, para oferecer um servi\u00e7o de qualidade, bem como garantir seu funcionamento. As informa\u00e7\u00f5es fornecidas tamb\u00e9m permitem acessar e utilizar nosso WEBSITE e fornecer informa\u00e7\u00f5es sobre os produtos e servi\u00e7os desejados.<\/p>\n<p>Al\u00e9m disso, utilizamos as informa\u00e7\u00f5es para combater comportamentos prejudiciais, suspeitos ou viola\u00e7\u00f5es de nossas condi\u00e7\u00f5es e pol\u00edticas, detectar e prevenir spam e manter a integridade de nossos produtos, servi\u00e7os e dados coletados, adotando as medidas de seguran\u00e7a pertinentes conforme os dados coletados e as finalidades do tratamento para garantir a confidencialidade e seguran\u00e7a de seus dados pessoais. Nossa entidade implementou pol\u00edticas de tratamento e medidas de seguran\u00e7a em conformidade com a norma&#8230;<\/p>\n<p>Tamb\u00e9m utilizamos as informa\u00e7\u00f5es fornecidas para responder quando voc\u00ea entra em contato conosco ou para nos comunicarmos com voc\u00ea, nos casos legalmente permitidos.<\/p>\n<p>O usu\u00e1rio, ao marcar e aceitar a caixa correspondente \u00e0s comunica\u00e7\u00f5es comerciais (check-box), consente expressamente que a <strong>LIVISTO<\/strong> envie, por correio postal ou em formato digital ao seu e-mail, uma NEWSLETTER com novidades, mensagens de marketing, publicidade e\/ou informa\u00e7\u00f5es relacionadas \u00e0 nossa entidade, aos servi\u00e7os que prestamos e\/ou aos nossos produtos, al\u00e9m de informa\u00e7\u00f5es sobre nossas pol\u00edticas e condi\u00e7\u00f5es.<\/p>\n<p>Os dados coletados n\u00e3o ser\u00e3o tratados de forma incompat\u00edvel com os fins indicados.<\/p>\n<p><strong><br><\/strong><\/p>\n<p><strong>QUE INFORMA\u00c7\u00d5ES COLETAMOS?<\/strong><\/p>\n<p>O tipo de informa\u00e7\u00e3o coletada pela <strong>LIVISTO<\/strong> depende do uso que voc\u00ea faz do WEBSITE. As informa\u00e7\u00f5es sobre os dados que coletamos e como exclu\u00ed-los est\u00e3o na se\u00e7\u00e3o referente ao exerc\u00edcio dos direitos nesta Pol\u00edtica de Privacidade.<\/p>\n<ul>\n<li>Coletamos as informa\u00e7\u00f5es que voc\u00ea fornece ao navegar pelo nosso WEBSITE, especificamente os dados de identifica\u00e7\u00e3o e registro inclu\u00eddos em formul\u00e1rios ou dados e mensagens enviados atrav\u00e9s deles. Esses dados podem incluir: seu nome completo, e-mail, al\u00e9m de outros dados necess\u00e1rios para processar sua solicita\u00e7\u00e3o ou comunica\u00e7\u00e3o.<\/li>\n<li>Podemos receber informa\u00e7\u00f5es identific\u00e1veis quando voc\u00ea nos envia um e-mail ou entra em contato conosco.<\/li>\n<li>Podemos receber, atualmente ou futuramente, informa\u00e7\u00f5es identific\u00e1veis quando voc\u00ea acessa ou faz login em outra p\u00e1gina, como uma rede social, a partir do nosso WEBSITE. Isso pode incluir texto e\/ou imagens de suas Informa\u00e7\u00f5es Pessoais Identific\u00e1veis dispon\u00edveis nessas p\u00e1ginas de terceiros.<\/li>\n<\/ul>\n<p>A RESPOSTA aos formul\u00e1rios disponibilizados para obter informa\u00e7\u00f5es sobre os servi\u00e7os oferecidos pela <strong>LIVISTO<\/strong>, bem como a qualquer outro question\u00e1rio que venha a ser fornecido no futuro, \u00e9 totalmente opcional. No entanto, a recusa em fornecer certos dados pode impossibilitar a presta\u00e7\u00e3o dos servi\u00e7os pela <strong>LIVISTO<\/strong>.<\/p>\n<p>Informamos que tamb\u00e9m utilizamos (ou podemos utilizar) cookies durante sua visita ao nosso WEBSITE. Para mais informa\u00e7\u00f5es, consulte nossa <a href=\"\/pt-pt\/politica-de-cookies\/\">Pol\u00edtica de Cookies<\/a>.<\/p>\n<p><strong><br><\/strong><\/p>\n<p><strong>DE ONDE V\u00caM AS INFORMA\u00c7\u00d5ES COLETADAS?<\/strong><\/p>\n<p>As informa\u00e7\u00f5es coletadas atrav\u00e9s do WEBSITE prov\u00eam exclusivamente de voc\u00ea. N\u00e3o recebemos dados de terceiros nem de fontes de acesso p\u00fablico.<\/p>\n<p><strong><br><\/strong><\/p>\n<p><strong>QUAL A BASE LEGAL QUE NOS AUTORIZA A TRATAR OS DADOS COLETADOS?<\/strong><\/p>\n<ul>\n<li>O consentimento prestado mediante aceita\u00e7\u00e3o expressa desta Pol\u00edtica de Privacidade, o qual pode ser revogado a qualquer momento. Para mais informa\u00e7\u00f5es, consulte a se\u00e7\u00e3o de exerc\u00edcio de direitos.<\/li>\n<li>A execu\u00e7\u00e3o de um contrato do qual voc\u00ea \u00e9 parte ou a aplica\u00e7\u00e3o de medidas pr\u00e9-contratuais.<\/li>\n<li>O interesse leg\u00edtimo da empresa.<\/li>\n<li>O cumprimento de obriga\u00e7\u00f5es legais.<\/li>\n<\/ul>\n<p><strong><br><\/strong><\/p>\n<p><strong>CONSERVAMOS SEUS DADOS?<\/strong><\/p>\n<p>Os dados pessoais fornecidos ser\u00e3o conservados durante o tempo necess\u00e1rio para cumprir as finalidades do tratamento. A dura\u00e7\u00e3o da conserva\u00e7\u00e3o depende das finalidades da coleta e do cumprimento das obriga\u00e7\u00f5es legais da <strong>LIVISTO<\/strong>. Os dados ser\u00e3o conservados enquanto n\u00e3o houver solicita\u00e7\u00e3o de exclus\u00e3o por parte do titular.<\/p>\n<p>Para mais informa\u00e7\u00f5es sobre a exclus\u00e3o dos seus dados, consulte a se\u00e7\u00e3o sobre exerc\u00edcio de direitos desta Pol\u00edtica. Os dados obtidos ser\u00e3o mantidos durante a rela\u00e7\u00e3o contratual com o cliente e, ap\u00f3s seu t\u00e9rmino, at\u00e9 que possam ser exigidas responsabilidades conforme a legisla\u00e7\u00e3o vigente (comercial, fiscal, civil, penal ou profissional).<\/p>\n<p><strong><br><\/strong><\/p>\n<p><strong>COMO ATUALIZAMOS SUAS INFORMA\u00c7\u00d5ES?<\/strong><\/p>\n<p>Toda informa\u00e7\u00e3o fornecida pelo usu\u00e1rio atrav\u00e9s do registro ou preenchimento de formul\u00e1rios no WEBSITE deve ser verdadeira. O usu\u00e1rio \u00e9 respons\u00e1vel por manter essas informa\u00e7\u00f5es atualizadas, refletindo sua situa\u00e7\u00e3o real a qualquer momento.<\/p>\n<p>O usu\u00e1rio ser\u00e1 o \u00fanico respons\u00e1vel por informa\u00e7\u00f5es falsas ou incorretas e pelos danos causados \u00e0 <strong>LIVISTO<\/strong> ou a terceiros.<\/p>\n<p>Pedimos que informe imediatamente \u00e0 <strong>LIVISTO<\/strong> qualquer altera\u00e7\u00e3o nos dados fornecidos para garantir que reflitam fielmente sua situa\u00e7\u00e3o pessoal.<\/p>\n<p><strong><br><\/strong><\/p>\n<p><strong>COMO VOC\u00ca PODE EXERCER SEUS DIREITOS?<\/strong><\/p>\n<p>De acordo com a LOPDGDD, voc\u00ea tem os seguintes direitos:<\/p>\n<ul>\n<li>Direito de obter confirma\u00e7\u00e3o se a <strong>LIVISTO<\/strong> est\u00e1 tratando seus dados pessoais.<\/li>\n<li>Direito de solicitar acesso aos dados pessoais que possu\u00edmos sobre voc\u00ea.<\/li>\n<li>Direito de solicitar a retifica\u00e7\u00e3o ou exclus\u00e3o dos dados, por exemplo, se o e-mail estiver incorreto ou se os dados n\u00e3o forem mais necess\u00e1rios.<\/li>\n<li>Direito de solicitar a limita\u00e7\u00e3o do tratamento dos dados, como para fins de marketing.<\/li>\n<li>Direito de se opor ao tratamento e retirar o consentimento a qualquer momento.<\/li>\n<li>Direito \u00e0 portabilidade dos dados em suporte automatizado para outro respons\u00e1vel, nos casos permitidos pela LOPDGDD.<\/li>\n<\/ul>\n<p>Voc\u00ea pode exercer esses direitos enviando um e-mail para <a href=\"mailto:privacidad@livisto.com\">privacidad@livisto.com<\/a> com o assunto \u201cExerc\u00edcio de direitos LOPDGDD\u201d e incluindo:<\/p>\n<ul>\n<li>Nome completo ou nome de usu\u00e1rio<\/li>\n<li>DNI\/NIE<\/li>\n<li>E-mail<\/li>\n<li>Direito que deseja exercer<\/li>\n<li>Informa\u00e7\u00e3o sobre a qual deseja ter acesso, retificar, excluir, limitar ou exercer a portabilidade<\/li>\n<\/ul>\n<p>Voc\u00ea tamb\u00e9m pode <strong><em>apresentar uma reclama\u00e7\u00e3o<\/em><\/strong> \u00e0 Autoridade de Controle de Prote\u00e7\u00e3o de Dados competente, especialmente se n\u00e3o obtiver satisfa\u00e7\u00e3o no exerc\u00edcio dos seus direitos:<\/p>\n<p><a href=\"https:\/\/sedeagpd.gob.es\/sede-electronica-web\/vistas\/formNuevaReclamacion\/solicitudReclamacion.jsf\" target=\"_blank\" rel=\"noopener\">https:\/\/sedeagpd.gob.es\/sede-electronica-web\/vistas\/formNuevaReclamacion\/solicitudReclamacion.jsf<\/a><\/p>\n<p><strong><br><\/strong><\/p>\n<p><strong>TRANSFERIMOS OU COMPARTILHAMOS SEUS DADOS COM TERCEIROS?<\/strong><\/p>\n<p>Os dados podem ser comunicados a registros p\u00fablicos e \u00f3rg\u00e3os relacionados com a finalidade dos servi\u00e7os de Propriedade Industrial e Intelectual e\/ou Jur\u00eddicos contratados. Essas comunica\u00e7\u00f5es s\u00e3o necess\u00e1rias para a continuidade da presta\u00e7\u00e3o do servi\u00e7o.<\/p>\n<p>Os dados n\u00e3o ser\u00e3o comunicados ou transferidos a terceiros, salvo a poss\u00edveis Operadores de Tratamento (entidades terceiras que prestam servi\u00e7o \u00e0 nossa empresa), entidades do grupo AGRAVIS Raiffeisen AG e \u00e0 LIVISTO INT\u2019L S.L.<\/p>\n<p>A <strong>LIVISTO<\/strong> pode compartilhar suas informa\u00e7\u00f5es com autoridades governamentais em resposta a intima\u00e7\u00f5es, ordens judiciais ou outros processos legais, ou conforme exigido por lei. Seus dados tamb\u00e9m podem ser comunicados \u00e0 Ag\u00eancia Tribut\u00e1ria, Tribunais, bancos e entidades financeiras para fins de pagamento de servi\u00e7os, ou aos nossos correspons\u00e1veis quando necess\u00e1rio para a presta\u00e7\u00e3o do servi\u00e7o contratado.<\/p>\n<p>Para sua conveni\u00eancia, podemos fornecer links para p\u00e1ginas administradas por terceiros. N\u00e3o divulgamos suas informa\u00e7\u00f5es a essas p\u00e1ginas sem seu consentimento. No entanto, n\u00e3o nos responsabilizamos pelas pr\u00e1ticas de privacidade desses sites. Ao acessar um link, voc\u00ea deve revisar a pol\u00edtica de privacidade da p\u00e1gina de terceiros para entender como seus dados ser\u00e3o tratados.<\/p>\t\t\t\t\t\t<\/div>\n\t\t\t\t<\/div>\n\t\t\t\t\t<\/div>\n\t\t<\/div>\n\t\t\t\t\t<\/div>\n\t\t<\/section>\n\t\t\t\t<\/div>\n\t\t","protected":false},"excerpt":{"rendered":"<p>Identifica\u00e7\u00e3o e dados de contato Raz\u00e3o social: INDUSTRIAL VETERINARIA, S.A., uma empresa do Grupo LIVISTO Endere\u00e7o postal Avda. Universitat Aut\u00f2noma, 29. 08290, Cerdanyola del Vall\u00e8s (Barcelona). Dados de contato do Encarregado de Prote\u00e7\u00e3o de Dados dpd@livisto.com E-mail privacidad@livisto.com Em cumprimento ao disposto no artigo 11 da Lei Org\u00e2nica 3\/2018, de 5 de dezembro, de Prote\u00e7\u00e3o [&hellip;]<\/p>\n","protected":false},"author":1,"featured_media":0,"parent":0,"menu_order":80,"comment_status":"closed","ping_status":"closed","template":"page-legal.php","meta":{"_acf_changed":false,"inline_featured_image":false,"footnotes":""},"class_list":["post-5074","page","type-page","status-publish","hentry"],"acf":[],"yoast_head":"<!-- This site is optimized with the Yoast SEO plugin v23.5 - https:\/\/yoast.com\/wordpress\/plugins\/seo\/ -->\n<title>Pol\u00edtica de privacidad - petCellPen\u00ae \/ equCellPen\u00ae | Livisto Animal Health<\/title>\n<meta name=\"robots\" content=\"index, follow, max-snippet:-1, max-image-preview:large, max-video-preview:-1\" \/>\n<link rel=\"canonical\" href=\"https:\/\/petcellpen.com\/pt\/politica-de-privacidad\/\" \/>\n<meta property=\"og:locale\" content=\"pt_PT\" \/>\n<meta property=\"og:type\" content=\"article\" \/>\n<meta property=\"og:title\" content=\"Pol\u00edtica de privacidad - petCellPen\u00ae \/ equCellPen\u00ae | Livisto Animal Health\" \/>\n<meta property=\"og:description\" content=\"Identifica\u00e7\u00e3o e dados de contato Raz\u00e3o social: INDUSTRIAL VETERINARIA, S.A., uma empresa do Grupo LIVISTO Endere\u00e7o postal Avda. Universitat Aut\u00f2noma, 29. 08290, Cerdanyola del Vall\u00e8s (Barcelona). Dados de contato do Encarregado de Prote\u00e7\u00e3o de Dados dpd@livisto.com E-mail privacidad@livisto.com Em cumprimento ao disposto no artigo 11 da Lei Org\u00e2nica 3\/2018, de 5 de dezembro, de Prote\u00e7\u00e3o [&hellip;]\" \/>\n<meta property=\"og:url\" content=\"https:\/\/petcellpen.com\/pt\/politica-de-privacidad\/\" \/>\n<meta property=\"og:site_name\" content=\"petCellPen\u00ae \/ equCellPen\u00ae | Livisto Animal Health\" \/>\n<meta name=\"twitter:card\" content=\"summary_large_image\" \/>\n<meta name=\"twitter:label1\" content=\"Est. reading time\" \/>\n\t<meta name=\"twitter:data1\" content=\"7 minutes\" \/>\n<script type=\"application\/ld+json\" class=\"yoast-schema-graph\">{\"@context\":\"https:\/\/schema.org\",\"@graph\":[{\"@type\":\"WebPage\",\"@id\":\"https:\/\/petcellpen.com\/pt\/politica-de-privacidad\/\",\"url\":\"https:\/\/petcellpen.com\/pt\/politica-de-privacidad\/\",\"name\":\"Pol\u00edtica de privacidad - petCellPen\u00ae \/ equCellPen\u00ae | Livisto Animal Health\",\"isPartOf\":{\"@id\":\"https:\/\/petcellpen.com\/pt\/#website\"},\"datePublished\":\"2024-09-06T09:34:51+00:00\",\"dateModified\":\"2024-09-06T09:34:51+00:00\",\"breadcrumb\":{\"@id\":\"https:\/\/petcellpen.com\/pt\/politica-de-privacidad\/#breadcrumb\"},\"inLanguage\":\"pt-PTs\",\"potentialAction\":[{\"@type\":\"ReadAction\",\"target\":[\"https:\/\/petcellpen.com\/pt\/politica-de-privacidad\/\"]}]},{\"@type\":\"BreadcrumbList\",\"@id\":\"https:\/\/petcellpen.com\/pt\/politica-de-privacidad\/#breadcrumb\",\"itemListElement\":[{\"@type\":\"ListItem\",\"position\":1,\"name\":\"Portada\",\"item\":\"https:\/\/petcellpen.com\/pt\/\"},{\"@type\":\"ListItem\",\"position\":2,\"name\":\"Pol\u00edtica de privacidad\"}]},{\"@type\":\"WebSite\",\"@id\":\"https:\/\/petcellpen.com\/pt\/#website\",\"url\":\"https:\/\/petcellpen.com\/pt\/\",\"name\":\"petCellPen\u00ae \/ equCellPen\u00ae | Livisto Animal Health\",\"description\":\"Terapia con plasma atmosf\u00e9rico fr\u00edo (CAP) en animales de compa\u00f1\u00eda\",\"publisher\":{\"@id\":\"https:\/\/petcellpen.com\/pt\/#organization\"},\"potentialAction\":[{\"@type\":\"SearchAction\",\"target\":{\"@type\":\"EntryPoint\",\"urlTemplate\":\"https:\/\/petcellpen.com\/pt\/?s={search_term_string}\"},\"query-input\":{\"@type\":\"PropertyValueSpecification\",\"valueRequired\":true,\"valueName\":\"search_term_string\"}}],\"inLanguage\":\"pt-PTs\"},{\"@type\":\"Organization\",\"@id\":\"https:\/\/petcellpen.com\/pt\/#organization\",\"name\":\"petCellPen\u00ae \/ equCellPen\u00ae | Livisto Animal Health\",\"url\":\"https:\/\/petcellpen.com\/pt\/\",\"logo\":{\"@type\":\"ImageObject\",\"inLanguage\":\"pt-PTs\",\"@id\":\"https:\/\/petcellpen.com\/pt\/#\/schema\/logo\/image\/\",\"url\":\"https:\/\/petcellpen.com\/wp-content\/uploads\/2024\/09\/favicon.png\",\"contentUrl\":\"https:\/\/petcellpen.com\/wp-content\/uploads\/2024\/09\/favicon.png\",\"width\":512,\"height\":512,\"caption\":\"petCellPen\u00ae \/ equCellPen\u00ae | Livisto Animal Health\"},\"image\":{\"@id\":\"https:\/\/petcellpen.com\/pt\/#\/schema\/logo\/image\/\"}}]}<\/script>\n<!-- \/ Yoast SEO plugin. -->","yoast_head_json":{"title":"Pol\u00edtica de privacidad - petCellPen\u00ae \/ equCellPen\u00ae | Livisto Animal Health","robots":{"index":"index","follow":"follow","max-snippet":"max-snippet:-1","max-image-preview":"max-image-preview:large","max-video-preview":"max-video-preview:-1"},"canonical":"https:\/\/petcellpen.com\/pt\/politica-de-privacidad\/","og_locale":"pt_PT","og_type":"article","og_title":"Pol\u00edtica de privacidad - petCellPen\u00ae \/ equCellPen\u00ae | Livisto Animal Health","og_description":"Identifica\u00e7\u00e3o e dados de contato Raz\u00e3o social: INDUSTRIAL VETERINARIA, S.A., uma empresa do Grupo LIVISTO Endere\u00e7o postal Avda. Universitat Aut\u00f2noma, 29. 08290, Cerdanyola del Vall\u00e8s (Barcelona). Dados de contato do Encarregado de Prote\u00e7\u00e3o de Dados dpd@livisto.com E-mail privacidad@livisto.com Em cumprimento ao disposto no artigo 11 da Lei Org\u00e2nica 3\/2018, de 5 de dezembro, de Prote\u00e7\u00e3o [&hellip;]","og_url":"https:\/\/petcellpen.com\/pt\/politica-de-privacidad\/","og_site_name":"petCellPen\u00ae \/ equCellPen\u00ae | Livisto Animal Health","twitter_card":"summary_large_image","twitter_misc":{"Est. reading time":"7 minutes"},"schema":{"@context":"https:\/\/schema.org","@graph":[{"@type":"WebPage","@id":"https:\/\/petcellpen.com\/pt\/politica-de-privacidad\/","url":"https:\/\/petcellpen.com\/pt\/politica-de-privacidad\/","name":"Pol\u00edtica de privacidad - petCellPen\u00ae \/ equCellPen\u00ae | Livisto Animal Health","isPartOf":{"@id":"https:\/\/petcellpen.com\/pt\/#website"},"datePublished":"2024-09-06T09:34:51+00:00","dateModified":"2024-09-06T09:34:51+00:00","breadcrumb":{"@id":"https:\/\/petcellpen.com\/pt\/politica-de-privacidad\/#breadcrumb"},"inLanguage":"pt-PTs","potentialAction":[{"@type":"ReadAction","target":["https:\/\/petcellpen.com\/pt\/politica-de-privacidad\/"]}]},{"@type":"BreadcrumbList","@id":"https:\/\/petcellpen.com\/pt\/politica-de-privacidad\/#breadcrumb","itemListElement":[{"@type":"ListItem","position":1,"name":"Portada","item":"https:\/\/petcellpen.com\/pt\/"},{"@type":"ListItem","position":2,"name":"Pol\u00edtica de privacidad"}]},{"@type":"WebSite","@id":"https:\/\/petcellpen.com\/pt\/#website","url":"https:\/\/petcellpen.com\/pt\/","name":"petCellPen\u00ae \/ equCellPen\u00ae | Livisto Animal Health","description":"Terapia con plasma atmosf\u00e9rico fr\u00edo (CAP) en animales de compa\u00f1\u00eda","publisher":{"@id":"https:\/\/petcellpen.com\/pt\/#organization"},"potentialAction":[{"@type":"SearchAction","target":{"@type":"EntryPoint","urlTemplate":"https:\/\/petcellpen.com\/pt\/?s={search_term_string}"},"query-input":{"@type":"PropertyValueSpecification","valueRequired":true,"valueName":"search_term_string"}}],"inLanguage":"pt-PTs"},{"@type":"Organization","@id":"https:\/\/petcellpen.com\/pt\/#organization","name":"petCellPen\u00ae \/ equCellPen\u00ae | Livisto Animal Health","url":"https:\/\/petcellpen.com\/pt\/","logo":{"@type":"ImageObject","inLanguage":"pt-PTs","@id":"https:\/\/petcellpen.com\/pt\/#\/schema\/logo\/image\/","url":"https:\/\/petcellpen.com\/wp-content\/uploads\/2024\/09\/favicon.png","contentUrl":"https:\/\/petcellpen.com\/wp-content\/uploads\/2024\/09\/favicon.png","width":512,"height":512,"caption":"petCellPen\u00ae \/ equCellPen\u00ae | Livisto Animal Health"},"image":{"@id":"https:\/\/petcellpen.com\/pt\/#\/schema\/logo\/image\/"}}]}},"_links":{"self":[{"href":"https:\/\/petcellpen.com\/pt\/wp-json\/wp\/v2\/pages\/5074"}],"collection":[{"href":"https:\/\/petcellpen.com\/pt\/wp-json\/wp\/v2\/pages"}],"about":[{"href":"https:\/\/petcellpen.com\/pt\/wp-json\/wp\/v2\/types\/page"}],"author":[{"embeddable":true,"href":"https:\/\/petcellpen.com\/pt\/wp-json\/wp\/v2\/users\/1"}],"replies":[{"embeddable":true,"href":"https:\/\/petcellpen.com\/pt\/wp-json\/wp\/v2\/comments?post=5074"}],"version-history":[{"count":0,"href":"https:\/\/petcellpen.com\/pt\/wp-json\/wp\/v2\/pages\/5074\/revisions"}],"wp:attachment":[{"href":"https:\/\/petcellpen.com\/pt\/wp-json\/wp\/v2\/media?parent=5074"}],"curies":[{"name":"wp","href":"https:\/\/api.w.org\/{rel}","templated":true}]}}