{"id":5073,"date":"2024-09-06T11:34:40","date_gmt":"2024-09-06T09:34:40","guid":{"rendered":"https:\/\/petcellpen.com\/politica-de-cookies\/"},"modified":"2024-09-06T11:34:40","modified_gmt":"2024-09-06T09:34:40","slug":"politica-de-cookies","status":"publish","type":"page","link":"https:\/\/petcellpen.com\/pt\/politica-de-cookies\/","title":{"rendered":"Pol\u00edtica de cookies"},"content":{"rendered":"\t\t<div data-elementor-type=\"wp-page\" data-elementor-id=\"5073\" class=\"elementor elementor-5073 elementor-13\" data-elementor-post-type=\"page\">\n\t\t\t\t\t\t<section class=\"elementor-section elementor-top-section elementor-element elementor-element-39234ec elementor-section-boxed elementor-section-height-default elementor-section-height-default\" data-id=\"39234ec\" data-element_type=\"section\">\n\t\t\t\t\t\t<div class=\"elementor-container elementor-column-gap-default\">\n\t\t\t\t\t<div class=\"elementor-column elementor-col-100 elementor-top-column elementor-element elementor-element-309b5bc\" data-id=\"309b5bc\" data-element_type=\"column\">\n\t\t\t<div class=\"elementor-widget-wrap elementor-element-populated\">\n\t\t\t\t\t\t<div class=\"elementor-element elementor-element-3202c67 elementor-widget elementor-widget-text-editor\" data-id=\"3202c67\" data-element_type=\"widget\" data-widget_type=\"text-editor.default\">\n\t\t\t\t<div class=\"elementor-widget-container\">\n\t\t\t\t\t\t\t<p><strong>INDUSTRIAL VETERINARIA, S.A., uma empresa do Grupo LIVISTO, desenvolveu esta pol\u00edtica para inform\u00e1-lo sobre o que \u00e9 um cookie, quais utilizamos neste site e ajud\u00e1-lo a gerenci\u00e1-los conforme o seu interesse.<\/strong><\/p><p>Com sua visita ao nosso site, voc\u00ea est\u00e1 sendo informado sobre a exist\u00eancia de cookies e sobre esta pol\u00edtica de cookies. Com a aceita\u00e7\u00e3o da pol\u00edtica de cookies, <u>voc\u00ea consente na instala\u00e7\u00e3o dos cookies<\/u> informados (a menos que tenha alterado a configura\u00e7\u00e3o do seu navegador para rejeitar cookies).<\/p><p>Um \u201cCookie\u201d \u00e9 um pequeno arquivo de texto que um site armazena no navegador do usu\u00e1rio. Os cookies facilitam o uso e a navega\u00e7\u00e3o em uma p\u00e1gina web e s\u00e3o essenciais para o funcionamento da internet, trazendo in\u00fameras vantagens na presta\u00e7\u00e3o de servi\u00e7os interativos.<\/p><p>Os cookies s\u00e3o utilizados, por exemplo, para gerenciar a sess\u00e3o do usu\u00e1rio (reduzindo o n\u00famero de vezes que ele precisa inserir sua senha) ou para ajustar os conte\u00fados de uma p\u00e1gina web \u00e0s suas prefer\u00eancias. Os cookies podem ser \u201cde sess\u00e3o\u201d, ou seja, ser\u00e3o exclu\u00eddos assim que o usu\u00e1rio deixar o site que os gerou, ou \u201cpersistentes\u201d, que permanecem em seu computador at\u00e9 uma data determinada.<\/p><p>Este documento de \u201cUso de Cookies\u201d foi elaborado a partir de uma auditoria t\u00e9cnica externa, estando, portanto, sujeito a atualiza\u00e7\u00f5es peri\u00f3dicas. Seu objetivo \u00e9 ajud\u00e1-lo a compreender o uso que este site faz dos cookies, a finalidade dos cookies utilizados, bem como as op\u00e7\u00f5es que o usu\u00e1rio tem \u00e0 disposi\u00e7\u00e3o para gerenci\u00e1-los.<\/p><p>A aceita\u00e7\u00e3o desta pol\u00edtica de cookies, com a funcionalidade de seu navegador habilitada para aceit\u00e1-los, implica a aceita\u00e7\u00e3o, por parte do usu\u00e1rio, da tecnologia de cookies utilizada por este site.<\/p><p><strong>Exemplos de Tipos de cookies:<\/strong><\/p><p><strong>Cookies t\u00e9cnicos ou de uso interno<\/strong><\/p><p>S\u00e3o <em>cookies t\u00e9cnicos ou de uso interno,<\/em> os essenciais para o funcionamento de um site, como, por exemplo, aqueles que permitem a autentica\u00e7\u00e3o ou o manuten\u00e7\u00e3o da sess\u00e3o do usu\u00e1rio registrado enquanto navega pela p\u00e1gina. A desativa\u00e7\u00e3o desses cookies impede o funcionamento adequado de algumas funcionalidades do site.<\/p><p><strong>Cookies Anal\u00edticos<\/strong><\/p><p>S\u00e3o <em>cookies anal\u00edticos,<\/em> aqueles que servem para coletar estat\u00edsticas sobre a atividade do usu\u00e1rio no site e a atividade geral do mesmo. A informa\u00e7\u00e3o coletada \u00e9 an\u00f4nima e permite otimizar a navega\u00e7\u00e3o de uma p\u00e1gina web e garantir o melhor servi\u00e7o ao usu\u00e1rio. O usu\u00e1rio pode excluir sua atividade por meio dos sistemas de exclus\u00e3o fornecidos pelas ferramentas anal\u00edticas.<\/p><p><strong>Cookies de terceiros para a gest\u00e3o de espa\u00e7os publicit\u00e1rios<\/strong><\/p><p>S\u00e3o cookies armazenadas por terceiros que gerenciam os espa\u00e7os publicit\u00e1rios que os usu\u00e1rios visualizam ao acessar este site. Esses cookies permitem medir a efetividade de campanhas online, fornecer ao usu\u00e1rio informa\u00e7\u00f5es de seu interesse e oferecer conte\u00fados publicit\u00e1rios de sua prefer\u00eancia. De acordo com suas pr\u00f3prias pol\u00edticas, alguns gestores de publicidade podem usar cookies an\u00f4nimos para mostrar an\u00fancios de seu interesse quando visitar outros sites. No entanto, os usu\u00e1rios podem gerenciar a aceita\u00e7\u00e3o ou n\u00e3o desses cookies por meio da configura\u00e7\u00e3o de seu navegador.<\/p><p><strong>Garantias e op\u00e7\u00f5es sobre os cookies<\/strong><\/p><p>Por meio da configura\u00e7\u00e3o de seu navegador, o usu\u00e1rio tem a possibilidade de aceitar ou rejeitar a instala\u00e7\u00e3o de cookies, ou rejeitar a instala\u00e7\u00e3o de determinados tipos de cookies, como cookies de publicidade e de terceiros. Al\u00e9m disso, ap\u00f3s cada sess\u00e3o, pode excluir todos ou alguns dos cookies armazenados.<\/p><p>Ademais, o usu\u00e1rio pode ativar:<\/p><p>&#8211; A navega\u00e7\u00e3o privada, por meio da qual seu navegador deixa de salvar o hist\u00f3rico de navega\u00e7\u00e3o, senhas de sites, cookies e outras informa\u00e7\u00f5es das p\u00e1ginas que visita, ou<br \/>&#8211; A fun\u00e7\u00e3o de n\u00e3o rastrear, pela qual o navegador solicita aos sites que visita que n\u00e3o rastreiem seus h\u00e1bitos de navega\u00e7\u00e3o para, por exemplo, oferecer publicidade de seu interesse nos sites que visita.<\/p><p>Recomendamos que consulte a ajuda de seu navegador para obter informa\u00e7\u00f5es sobre as diferentes op\u00e7\u00f5es de como gerenciar os cookies. <strong>Esteja ciente de que o bloqueio de cookies pode afetar todas ou algumas das funcionalidades do nosso site.<\/strong> Inclusive, pode ocorrer que, ao N\u00c3O ACEITAR os cookies t\u00e9cnicos\/internos, voc\u00ea n\u00e3o consiga acessar nosso website.<\/p><p><strong>Cookies utilizados neste site:<\/strong><\/p>\t\t\t\t\t\t<\/div>\n\t\t\t\t<\/div>\n\t\t\t\t<div class=\"elementor-element elementor-element-b9e32d7 elementor-widget elementor-widget-shortcode\" data-id=\"b9e32d7\" data-element_type=\"widget\" data-widget_type=\"shortcode.default\">\n\t\t\t\t<div class=\"elementor-widget-container\">\n\t\t\t\t\t<div class=\"elementor-shortcode\">[cookie_audit]<\/div>\n\t\t\t\t<\/div>\n\t\t\t\t<\/div>\n\t\t\t\t<div class=\"elementor-element elementor-element-c45e9a9 elementor-widget elementor-widget-text-editor\" data-id=\"c45e9a9\" data-element_type=\"widget\" data-widget_type=\"text-editor.default\">\n\t\t\t\t<div class=\"elementor-widget-container\">\n\t\t\t\t\t\t\t<strong>Redes Sociais:<\/strong>\n\nCookies de complementos externos de conte\u00fados e Cookies usadas por redes sociais:\n\nEm outros sites que n\u00e3o pertencem a <strong>LIVISTO<\/strong>, s\u00e3o instalados cookies de terceiros para todos os seus visitantes, mesmo que n\u00e3o sejam usu\u00e1rios registrados nas respectivas plataformas:\n<ul>\n  <li><strong>LIVISTO<\/strong> no <strong>Twitter<\/strong>. Seus objetivos est\u00e3o descritos na P\u00e1gina de Cookies do <strong>Twitter<\/strong>: <a href=\"https:\/\/help.x.com\/es\/rules-and-policies\/x-cookies\">https:\/\/help.x.com\/es\/rules-and-policies\/x-cookies<\/a><\/li>\n  <li><strong>LIVISTO<\/strong> no <strong>Facebook<\/strong>. Seus objetivos est\u00e3o descritos na P\u00e1gina de Cookies do <strong>Facebook<\/strong>: <a href=\"https:\/\/es-es.facebook.com\/privacy\/policies\/cookies\/?entry_point=cookie_policy_redirect&amp;entry=0\">https:\/\/es-es.facebook.com\/privacy\/policies\/cookies\/?entry_point=cookie_policy_redirect&amp;entry=0<\/a><\/li>\n  <li><strong>LIVISTO<\/strong> no <strong>LinkedIn<\/strong>. Seus objetivos est\u00e3o descritos na P\u00e1gina de Cookies do <strong>LinkedIn<\/strong>: <a href=\"https:\/\/www.linkedin.com\/legal\/cookie-policy?trk=organization-guest_footer-cookie-policy\">https:\/\/www.linkedin.com\/legal\/cookie-policy?trk=organization-guest_footer-cookie-policy<\/a><\/li>\n  <li><strong>LIVISTO<\/strong> no <strong>YouTube<\/strong>. Seus objetivos est\u00e3o descritos na P\u00e1gina de Cookies do <strong>YouTube<\/strong>: <a href=\"https:\/\/www.google.es\/intl\/es\/policies\/privacy\/key-terms\/#toc-terms-cookie\">https:\/\/www.google.es\/intl\/es\/policies\/privacy\/key-terms\/#toc-terms-cookie<\/a><\/li>\n  <li><strong>LIVISTO<\/strong> no <strong>Instagram<\/strong>. Seus objetivos est\u00e3o descritos na P\u00e1gina de Cookies do <strong>Instagram<\/strong>: <a href=\"https:\/\/privacycenter.instagram.com\/policies\/cookies\/\" target=\"_blank\" rel=\"noopener\">https:\/\/privacycenter.instagram.com\/policies\/cookies\/<\/a><\/li>\n<\/ul>\n<strong>Esta informa\u00e7\u00e3o \u00e9 utilizada para melhorar nossa p\u00e1gina<\/strong>, detectar novas necessidades e avaliar as melhorias a serem introduzidas com o objetivo de oferecer um melhor servi\u00e7o aos usu\u00e1rios que nos visitam.\n\n<strong>Para permitir, conhecer, bloquear ou excluir os cookies instalados em seu dispositivo, voc\u00ea pode fazer isso por meio das configura\u00e7\u00f5es do navegador instalado em seu computador<\/strong>.\n\nPor exemplo, voc\u00ea pode encontrar informa\u00e7\u00f5es sobre como fazer isso no caso de usar algum desses navegadores:\n\nFirefox a partir daqui:\n\n<u><a href=\"http:\/\/support.mozilla.org\/es\/kb\/habilitar-y-deshabilitar-cookies-que-los-sitios-we\">http:\/\/support.mozilla.org\/es\/kb\/habilitar-y-deshabilitar-cookies-que-los-sitios-we<\/a><\/u>\n\nChrome a partir daqui:\n\n<u><a href=\"http:\/\/support.google.com\/chrome\/bin\/answer.py?hl=es&amp;answer=95647\">http:\/\/support.google.com\/chrome\/bin\/answer.py?hl=es&amp;answer=95647<\/a><\/u>\n\nExplorer a partir daqui:\n\n<a href=\"https:\/\/support.microsoft.com\/es-es\/help\/17442\/windows-internet-explorer-delete-manage-cookies\">https:\/\/support.microsoft.com\/es-es\/help\/17442\/windows-internet-explorer-delete-manage-cookies<\/a>\n\nSafari a partir daqui:\n\n<u><a href=\"http:\/\/support.apple.com\/kb\/ph5042\">http:\/\/support.apple.com\/kb\/ph5042<\/a><\/u>\n\nOpera a partir daqui:\n\n<u><a href=\"http:\/\/help.opera.com\/Windows\/11.50\/es-ES\/cookies.html\">http:\/\/help.opera.com\/Windows\/11.50\/es-ES\/cookies.html<\/a><\/u>\n\t\t\t\t\t\t<\/div>\n\t\t\t\t<\/div>\n\t\t\t\t\t<\/div>\n\t\t<\/div>\n\t\t\t\t\t<\/div>\n\t\t<\/section>\n\t\t\t\t<\/div>\n\t\t","protected":false},"excerpt":{"rendered":"<p>INDUSTRIAL VETERINARIA, S.A., uma empresa do Grupo LIVISTO, desenvolveu esta pol\u00edtica para inform\u00e1-lo sobre o que \u00e9 um cookie, quais utilizamos neste site e ajud\u00e1-lo a gerenci\u00e1-los conforme o seu interesse. Com sua visita ao nosso site, voc\u00ea est\u00e1 sendo informado sobre a exist\u00eancia de cookies e sobre esta pol\u00edtica de cookies. Com a aceita\u00e7\u00e3o [&hellip;]<\/p>\n","protected":false},"author":1,"featured_media":0,"parent":0,"menu_order":80,"comment_status":"closed","ping_status":"closed","template":"page-legal.php","meta":{"_acf_changed":false,"inline_featured_image":false,"footnotes":""},"class_list":["post-5073","page","type-page","status-publish","hentry"],"acf":[],"yoast_head":"<!-- This site is optimized with the Yoast SEO plugin v23.5 - https:\/\/yoast.com\/wordpress\/plugins\/seo\/ -->\n<title>Pol\u00edtica de cookies - petCellPen\u00ae \/ equCellPen\u00ae | Livisto Animal Health<\/title>\n<meta name=\"robots\" content=\"index, follow, max-snippet:-1, max-image-preview:large, max-video-preview:-1\" \/>\n<link rel=\"canonical\" href=\"https:\/\/petcellpen.com\/pt\/politica-de-cookies\/\" \/>\n<meta property=\"og:locale\" content=\"pt_PT\" \/>\n<meta property=\"og:type\" content=\"article\" \/>\n<meta property=\"og:title\" content=\"Pol\u00edtica de cookies - petCellPen\u00ae \/ equCellPen\u00ae | Livisto Animal Health\" \/>\n<meta property=\"og:description\" content=\"INDUSTRIAL VETERINARIA, S.A., uma empresa do Grupo LIVISTO, desenvolveu esta pol\u00edtica para inform\u00e1-lo sobre o que \u00e9 um cookie, quais utilizamos neste site e ajud\u00e1-lo a gerenci\u00e1-los conforme o seu interesse. Com sua visita ao nosso site, voc\u00ea est\u00e1 sendo informado sobre a exist\u00eancia de cookies e sobre esta pol\u00edtica de cookies. Com a aceita\u00e7\u00e3o [&hellip;]\" \/>\n<meta property=\"og:url\" content=\"https:\/\/petcellpen.com\/pt\/politica-de-cookies\/\" \/>\n<meta property=\"og:site_name\" content=\"petCellPen\u00ae \/ equCellPen\u00ae | Livisto Animal Health\" \/>\n<meta name=\"twitter:card\" content=\"summary_large_image\" \/>\n<meta name=\"twitter:label1\" content=\"Est. reading time\" \/>\n\t<meta name=\"twitter:data1\" content=\"5 minutes\" \/>\n<script type=\"application\/ld+json\" class=\"yoast-schema-graph\">{\"@context\":\"https:\/\/schema.org\",\"@graph\":[{\"@type\":\"WebPage\",\"@id\":\"https:\/\/petcellpen.com\/pt\/politica-de-cookies\/\",\"url\":\"https:\/\/petcellpen.com\/pt\/politica-de-cookies\/\",\"name\":\"Pol\u00edtica de cookies - petCellPen\u00ae \/ equCellPen\u00ae | Livisto Animal Health\",\"isPartOf\":{\"@id\":\"https:\/\/petcellpen.com\/pt\/#website\"},\"datePublished\":\"2024-09-06T09:34:40+00:00\",\"dateModified\":\"2024-09-06T09:34:40+00:00\",\"breadcrumb\":{\"@id\":\"https:\/\/petcellpen.com\/pt\/politica-de-cookies\/#breadcrumb\"},\"inLanguage\":\"pt-PTs\",\"potentialAction\":[{\"@type\":\"ReadAction\",\"target\":[\"https:\/\/petcellpen.com\/pt\/politica-de-cookies\/\"]}]},{\"@type\":\"BreadcrumbList\",\"@id\":\"https:\/\/petcellpen.com\/pt\/politica-de-cookies\/#breadcrumb\",\"itemListElement\":[{\"@type\":\"ListItem\",\"position\":1,\"name\":\"Portada\",\"item\":\"https:\/\/petcellpen.com\/pt\/\"},{\"@type\":\"ListItem\",\"position\":2,\"name\":\"Pol\u00edtica de cookies\"}]},{\"@type\":\"WebSite\",\"@id\":\"https:\/\/petcellpen.com\/pt\/#website\",\"url\":\"https:\/\/petcellpen.com\/pt\/\",\"name\":\"petCellPen\u00ae \/ equCellPen\u00ae | Livisto Animal Health\",\"description\":\"Terapia con plasma atmosf\u00e9rico fr\u00edo (CAP) en animales de compa\u00f1\u00eda\",\"publisher\":{\"@id\":\"https:\/\/petcellpen.com\/pt\/#organization\"},\"potentialAction\":[{\"@type\":\"SearchAction\",\"target\":{\"@type\":\"EntryPoint\",\"urlTemplate\":\"https:\/\/petcellpen.com\/pt\/?s={search_term_string}\"},\"query-input\":{\"@type\":\"PropertyValueSpecification\",\"valueRequired\":true,\"valueName\":\"search_term_string\"}}],\"inLanguage\":\"pt-PTs\"},{\"@type\":\"Organization\",\"@id\":\"https:\/\/petcellpen.com\/pt\/#organization\",\"name\":\"petCellPen\u00ae \/ equCellPen\u00ae | Livisto Animal Health\",\"url\":\"https:\/\/petcellpen.com\/pt\/\",\"logo\":{\"@type\":\"ImageObject\",\"inLanguage\":\"pt-PTs\",\"@id\":\"https:\/\/petcellpen.com\/pt\/#\/schema\/logo\/image\/\",\"url\":\"https:\/\/petcellpen.com\/wp-content\/uploads\/2024\/09\/favicon.png\",\"contentUrl\":\"https:\/\/petcellpen.com\/wp-content\/uploads\/2024\/09\/favicon.png\",\"width\":512,\"height\":512,\"caption\":\"petCellPen\u00ae \/ equCellPen\u00ae | Livisto Animal Health\"},\"image\":{\"@id\":\"https:\/\/petcellpen.com\/pt\/#\/schema\/logo\/image\/\"}}]}<\/script>\n<!-- \/ Yoast SEO plugin. -->","yoast_head_json":{"title":"Pol\u00edtica de cookies - petCellPen\u00ae \/ equCellPen\u00ae | Livisto Animal Health","robots":{"index":"index","follow":"follow","max-snippet":"max-snippet:-1","max-image-preview":"max-image-preview:large","max-video-preview":"max-video-preview:-1"},"canonical":"https:\/\/petcellpen.com\/pt\/politica-de-cookies\/","og_locale":"pt_PT","og_type":"article","og_title":"Pol\u00edtica de cookies - petCellPen\u00ae \/ equCellPen\u00ae | Livisto Animal Health","og_description":"INDUSTRIAL VETERINARIA, S.A., uma empresa do Grupo LIVISTO, desenvolveu esta pol\u00edtica para inform\u00e1-lo sobre o que \u00e9 um cookie, quais utilizamos neste site e ajud\u00e1-lo a gerenci\u00e1-los conforme o seu interesse. Com sua visita ao nosso site, voc\u00ea est\u00e1 sendo informado sobre a exist\u00eancia de cookies e sobre esta pol\u00edtica de cookies. Com a aceita\u00e7\u00e3o [&hellip;]","og_url":"https:\/\/petcellpen.com\/pt\/politica-de-cookies\/","og_site_name":"petCellPen\u00ae \/ equCellPen\u00ae | Livisto Animal Health","twitter_card":"summary_large_image","twitter_misc":{"Est. reading time":"5 minutes"},"schema":{"@context":"https:\/\/schema.org","@graph":[{"@type":"WebPage","@id":"https:\/\/petcellpen.com\/pt\/politica-de-cookies\/","url":"https:\/\/petcellpen.com\/pt\/politica-de-cookies\/","name":"Pol\u00edtica de cookies - petCellPen\u00ae \/ equCellPen\u00ae | Livisto Animal Health","isPartOf":{"@id":"https:\/\/petcellpen.com\/pt\/#website"},"datePublished":"2024-09-06T09:34:40+00:00","dateModified":"2024-09-06T09:34:40+00:00","breadcrumb":{"@id":"https:\/\/petcellpen.com\/pt\/politica-de-cookies\/#breadcrumb"},"inLanguage":"pt-PTs","potentialAction":[{"@type":"ReadAction","target":["https:\/\/petcellpen.com\/pt\/politica-de-cookies\/"]}]},{"@type":"BreadcrumbList","@id":"https:\/\/petcellpen.com\/pt\/politica-de-cookies\/#breadcrumb","itemListElement":[{"@type":"ListItem","position":1,"name":"Portada","item":"https:\/\/petcellpen.com\/pt\/"},{"@type":"ListItem","position":2,"name":"Pol\u00edtica de cookies"}]},{"@type":"WebSite","@id":"https:\/\/petcellpen.com\/pt\/#website","url":"https:\/\/petcellpen.com\/pt\/","name":"petCellPen\u00ae \/ equCellPen\u00ae | Livisto Animal Health","description":"Terapia con plasma atmosf\u00e9rico fr\u00edo (CAP) en animales de compa\u00f1\u00eda","publisher":{"@id":"https:\/\/petcellpen.com\/pt\/#organization"},"potentialAction":[{"@type":"SearchAction","target":{"@type":"EntryPoint","urlTemplate":"https:\/\/petcellpen.com\/pt\/?s={search_term_string}"},"query-input":{"@type":"PropertyValueSpecification","valueRequired":true,"valueName":"search_term_string"}}],"inLanguage":"pt-PTs"},{"@type":"Organization","@id":"https:\/\/petcellpen.com\/pt\/#organization","name":"petCellPen\u00ae \/ equCellPen\u00ae | Livisto Animal Health","url":"https:\/\/petcellpen.com\/pt\/","logo":{"@type":"ImageObject","inLanguage":"pt-PTs","@id":"https:\/\/petcellpen.com\/pt\/#\/schema\/logo\/image\/","url":"https:\/\/petcellpen.com\/wp-content\/uploads\/2024\/09\/favicon.png","contentUrl":"https:\/\/petcellpen.com\/wp-content\/uploads\/2024\/09\/favicon.png","width":512,"height":512,"caption":"petCellPen\u00ae \/ equCellPen\u00ae | Livisto Animal Health"},"image":{"@id":"https:\/\/petcellpen.com\/pt\/#\/schema\/logo\/image\/"}}]}},"_links":{"self":[{"href":"https:\/\/petcellpen.com\/pt\/wp-json\/wp\/v2\/pages\/5073"}],"collection":[{"href":"https:\/\/petcellpen.com\/pt\/wp-json\/wp\/v2\/pages"}],"about":[{"href":"https:\/\/petcellpen.com\/pt\/wp-json\/wp\/v2\/types\/page"}],"author":[{"embeddable":true,"href":"https:\/\/petcellpen.com\/pt\/wp-json\/wp\/v2\/users\/1"}],"replies":[{"embeddable":true,"href":"https:\/\/petcellpen.com\/pt\/wp-json\/wp\/v2\/comments?post=5073"}],"version-history":[{"count":0,"href":"https:\/\/petcellpen.com\/pt\/wp-json\/wp\/v2\/pages\/5073\/revisions"}],"wp:attachment":[{"href":"https:\/\/petcellpen.com\/pt\/wp-json\/wp\/v2\/media?parent=5073"}],"curies":[{"name":"wp","href":"https:\/\/api.w.org\/{rel}","templated":true}]}}