{"id":5325,"date":"2026-03-19T09:25:40","date_gmt":"2026-03-19T07:25:40","guid":{"rendered":"https:\/\/petcellpen.com\/?page_id=5325"},"modified":"2026-03-23T10:41:48","modified_gmt":"2026-03-23T08:41:48","slug":"casi-clinici","status":"publish","type":"page","link":"https:\/\/petcellpen.com\/it\/casi-clinici\/","title":{"rendered":"Casi clinici"},"content":{"rendered":"\t\t<div data-elementor-type=\"wp-page\" data-elementor-id=\"5325\" class=\"elementor elementor-5325\" data-elementor-post-type=\"page\">\n\t\t\t\t\t\t<section class=\"elementor-section elementor-top-section elementor-element elementor-element-8adf198 cellpen-header elementor-section-boxed elementor-section-height-default elementor-section-height-default\" data-id=\"8adf198\" data-element_type=\"section\" data-settings=\"{&quot;background_background&quot;:&quot;classic&quot;}\">\n\t\t\t\t\t\t<div class=\"elementor-container elementor-column-gap-default\">\n\t\t\t\t\t<div class=\"elementor-column elementor-col-100 elementor-top-column elementor-element elementor-element-3262782\" data-id=\"3262782\" data-element_type=\"column\">\n\t\t\t<div class=\"elementor-widget-wrap elementor-element-populated\">\n\t\t\t\t\t\t<div class=\"elementor-element elementor-element-c757384 font-arial-narrow mb-0 elementor-widget elementor-widget-text-editor\" data-id=\"c757384\" data-element_type=\"widget\" data-widget_type=\"text-editor.default\">\n\t\t\t\t<div class=\"elementor-widget-container\">\n\t\t\t\t\t\t\t<p>Veterinario<\/p>\t\t\t\t\t\t<\/div>\n\t\t\t\t<\/div>\n\t\t\t\t<div class=\"elementor-element elementor-element-2094e8e elementor-widget__width-initial elementor-widget elementor-widget-image\" data-id=\"2094e8e\" data-element_type=\"widget\" data-widget_type=\"image.default\">\n\t\t\t\t<div class=\"elementor-widget-container\">\n\t\t\t\t\t\t\t\t\t\t\t\t\t<img decoding=\"async\" width=\"251\" height=\"52\" src=\"https:\/\/petcellpen.com\/wp-content\/uploads\/2024\/09\/logo-petcellpen.png\" class=\"attachment-large size-large wp-image-684\" alt=\"\" \/>\t\t\t\t\t\t\t\t\t\t\t\t\t<\/div>\n\t\t\t\t<\/div>\n\t\t\t\t<div class=\"elementor-element elementor-element-c7a86e9 elementor-widget elementor-widget-heading\" data-id=\"c7a86e9\" data-element_type=\"widget\" data-widget_type=\"heading.default\">\n\t\t\t\t<div class=\"elementor-widget-container\">\n\t\t\t<h1 class=\"elementor-heading-title elementor-size-default\">CASI CLINICI<\/h1>\t\t<\/div>\n\t\t\t\t<\/div>\n\t\t\t\t\t<\/div>\n\t\t<\/div>\n\t\t\t\t\t<\/div>\n\t\t<\/section>\n\t\t\t\t<section class=\"elementor-section elementor-top-section elementor-element elementor-element-fdf0ec5 elementor-section-boxed elementor-section-height-default elementor-section-height-default\" data-id=\"fdf0ec5\" data-element_type=\"section\" data-settings=\"{&quot;background_background&quot;:&quot;classic&quot;}\">\n\t\t\t\t\t\t<div class=\"elementor-container elementor-column-gap-default\">\n\t\t\t\t\t<div class=\"elementor-column elementor-col-100 elementor-top-column elementor-element elementor-element-5b473e4\" data-id=\"5b473e4\" data-element_type=\"column\">\n\t\t\t<div class=\"elementor-widget-wrap elementor-element-populated\">\n\t\t\t\t\t\t<section class=\"elementor-section elementor-inner-section elementor-element elementor-element-ccf1811 elementor-section-boxed elementor-section-height-default elementor-section-height-default\" data-id=\"ccf1811\" data-element_type=\"section\">\n\t\t\t\t\t\t<div class=\"elementor-container elementor-column-gap-default\">\n\t\t\t\t\t<div class=\"elementor-column elementor-col-25 elementor-inner-column elementor-element elementor-element-32ab5c8 elementor-hidden-tablet elementor-hidden-mobile\" data-id=\"32ab5c8\" data-element_type=\"column\">\n\t\t\t<div class=\"elementor-widget-wrap\">\n\t\t\t\t\t\t\t<\/div>\n\t\t<\/div>\n\t\t\t\t<div class=\"elementor-column elementor-col-25 elementor-inner-column elementor-element elementor-element-4056064\" data-id=\"4056064\" data-element_type=\"column\">\n\t\t\t<div class=\"elementor-widget-wrap elementor-element-populated\">\n\t\t\t\t\t\t<div class=\"elementor-element elementor-element-049bd81 elementor-align-left elementor-widget__width-auto btn-pet btn-pdf elementor-hidden-desktop elementor-hidden-laptop elementor-hidden-tablet elementor-hidden-mobile elementor-widget elementor-widget-button\" data-id=\"049bd81\" data-element_type=\"widget\" data-widget_type=\"button.default\">\n\t\t\t\t<div class=\"elementor-widget-container\">\n\t\t\t\t\t<div class=\"elementor-button-wrapper\">\n\t\t\t<a class=\"elementor-button elementor-button-link elementor-size-sm\" href=\"\/it\/download\/ccpcp\/ccp_1\/\">\n\t\t\t\t\t\t<span class=\"elementor-button-content-wrapper\">\n\t\t\t\t\t\t<span class=\"elementor-button-icon\">\n\t\t\t\t<i aria-hidden=\"true\" class=\"far fa-file-pdf\"><\/i>\t\t\t<\/span>\n\t\t\t\t\t\t\t\t\t<span class=\"elementor-button-text\">Guarigione con Plasma a Freddo: Lesione da Ustione in Cane Corso - <span>Dott.ssa Turco Anna, DVM<\/span><span class=\"size\">(489 KB)<\/span><\/span>\n\t\t\t\t\t<\/span>\n\t\t\t\t\t<\/a>\n\t\t<\/div>\n\t\t\t\t<\/div>\n\t\t\t\t<\/div>\n\t\t\t\t<div class=\"elementor-element elementor-element-388ccee elementor-align-left elementor-widget__width-auto btn-pet btn-pdf elementor-hidden-desktop elementor-hidden-laptop elementor-hidden-tablet elementor-hidden-mobile elementor-widget elementor-widget-button\" data-id=\"388ccee\" data-element_type=\"widget\" data-widget_type=\"button.default\">\n\t\t\t\t<div class=\"elementor-widget-container\">\n\t\t\t\t\t<div class=\"elementor-button-wrapper\">\n\t\t\t<a class=\"elementor-button elementor-button-link elementor-size-sm\" href=\"\/it\/download\/ccpcp\/ccp_2\/\">\n\t\t\t\t\t\t<span class=\"elementor-button-content-wrapper\">\n\t\t\t\t\t\t<span class=\"elementor-button-icon\">\n\t\t\t\t<i aria-hidden=\"true\" class=\"far fa-file-pdf\"><\/i>\t\t\t<\/span>\n\t\t\t\t\t\t\t\t\t<span class=\"elementor-button-text\">Case Report utilizzo di Plasma Freddo in Dermatologia Veterinaria - <span>Dr.ssa Sofia Chiodi DVM<\/span><span class=\"size\">(639 KB)<\/span><\/span>\n\t\t\t\t\t<\/span>\n\t\t\t\t\t<\/a>\n\t\t<\/div>\n\t\t\t\t<\/div>\n\t\t\t\t<\/div>\n\t\t\t\t<div class=\"elementor-element elementor-element-d7b74d9 elementor-align-left elementor-widget__width-auto btn-pet btn-pdf elementor-widget elementor-widget-button\" data-id=\"d7b74d9\" data-element_type=\"widget\" data-widget_type=\"button.default\">\n\t\t\t\t<div class=\"elementor-widget-container\">\n\t\t\t\t\t<div class=\"elementor-button-wrapper\">\n\t\t\t<a class=\"elementor-button elementor-button-link elementor-size-sm\" href=\"\/it\/download\/ccpcp\/ccp_3\/\">\n\t\t\t\t\t\t<span class=\"elementor-button-content-wrapper\">\n\t\t\t\t\t\t<span class=\"elementor-button-icon\">\n\t\t\t\t<i aria-hidden=\"true\" class=\"far fa-file-video\"><\/i>\t\t\t<\/span>\n\t\t\t\t\t\t\t\t\t<span class=\"elementor-button-text\">VetDerm La mia esperienza - <span>Federica Clemente DMV, MsC  II livello Divulgazione Scientifica<\/span><span class=\"size\">(32,2 MB)<\/span><\/span>\n\t\t\t\t\t<\/span>\n\t\t\t\t\t<\/a>\n\t\t<\/div>\n\t\t\t\t<\/div>\n\t\t\t\t<\/div>\n\t\t\t\t\t<\/div>\n\t\t<\/div>\n\t\t\t\t<div class=\"elementor-column elementor-col-25 elementor-inner-column elementor-element elementor-element-02c01db\" data-id=\"02c01db\" data-element_type=\"column\">\n\t\t\t<div class=\"elementor-widget-wrap elementor-element-populated\">\n\t\t\t\t\t\t<div class=\"elementor-element elementor-element-617c5f8 elementor-widget elementor-widget-image\" data-id=\"617c5f8\" data-element_type=\"widget\" data-widget_type=\"image.default\">\n\t\t\t\t<div class=\"elementor-widget-container\">\n\t\t\t\t\t\t\t\t\t\t\t\t\t<img decoding=\"async\" width=\"369\" height=\"129\" src=\"https:\/\/petcellpen.com\/wp-content\/uploads\/2024\/09\/plasma-frio-petcelpen-producto.png\" class=\"attachment-large size-large wp-image-620\" alt=\"\" srcset=\"https:\/\/petcellpen.com\/wp-content\/uploads\/2024\/09\/plasma-frio-petcelpen-producto.png 369w, https:\/\/petcellpen.com\/wp-content\/uploads\/2024\/09\/plasma-frio-petcelpen-producto-300x105.png 300w\" sizes=\"(max-width: 369px) 100vw, 369px\" \/>\t\t\t\t\t\t\t\t\t\t\t\t\t<\/div>\n\t\t\t\t<\/div>\n\t\t\t\t\t<\/div>\n\t\t<\/div>\n\t\t\t\t<div class=\"elementor-column elementor-col-25 elementor-inner-column elementor-element elementor-element-c77dceb elementor-hidden-tablet elementor-hidden-mobile\" data-id=\"c77dceb\" data-element_type=\"column\">\n\t\t\t<div class=\"elementor-widget-wrap\">\n\t\t\t\t\t\t\t<\/div>\n\t\t<\/div>\n\t\t\t\t\t<\/div>\n\t\t<\/section>\n\t\t\t\t\t<\/div>\n\t\t<\/div>\n\t\t\t\t\t<\/div>\n\t\t<\/section>\n\t\t\t\t<\/div>\n\t\t","protected":false},"excerpt":{"rendered":"<p>Veterinario CASI CLINICI Guarigione con Plasma a Freddo: Lesione da Ustione in Cane Corso &#8211; Dott.ssa Turco Anna, DVM(489 KB) Case Report utilizzo di Plasma Freddo in Dermatologia Veterinaria &#8211; Dr.ssa Sofia Chiodi DVM(639 KB) VetDerm La mia esperienza &#8211; Federica Clemente DMV, MsC II livello Divulgazione Scientifica(32,2 MB)<\/p>\n","protected":false},"author":1,"featured_media":0,"parent":0,"menu_order":25,"comment_status":"closed","ping_status":"closed","template":"page-standard.php","meta":{"_acf_changed":false,"inline_featured_image":false,"footnotes":""},"class_list":["post-5325","page","type-page","status-publish","hentry"],"acf":[],"yoast_head":"<!-- This site is optimized with the Yoast SEO plugin v23.5 - https:\/\/yoast.com\/wordpress\/plugins\/seo\/ -->\n<title>Casi clinici - petCellPen\u00ae \/ equCellPen\u00ae | Livisto Animal Health<\/title>\n<meta name=\"robots\" content=\"index, follow, max-snippet:-1, max-image-preview:large, max-video-preview:-1\" \/>\n<link rel=\"canonical\" href=\"https:\/\/petcellpen.com\/it\/casi-clinici\/\" \/>\n<meta property=\"og:locale\" content=\"it_IT\" \/>\n<meta property=\"og:type\" content=\"article\" \/>\n<meta property=\"og:title\" content=\"Casi clinici - petCellPen\u00ae \/ equCellPen\u00ae | Livisto Animal Health\" \/>\n<meta property=\"og:description\" content=\"Veterinario CASI CLINICI Guarigione con Plasma a Freddo: Lesione da Ustione in Cane Corso &#8211; Dott.ssa Turco Anna, DVM(489 KB) Case Report utilizzo di Plasma Freddo in Dermatologia Veterinaria &#8211; Dr.ssa Sofia Chiodi DVM(639 KB) VetDerm La mia esperienza &#8211; Federica Clemente DMV, MsC II livello Divulgazione Scientifica(32,2 MB)\" \/>\n<meta property=\"og:url\" content=\"https:\/\/petcellpen.com\/it\/casi-clinici\/\" \/>\n<meta property=\"og:site_name\" content=\"petCellPen\u00ae \/ equCellPen\u00ae | Livisto Animal Health\" \/>\n<meta property=\"article:modified_time\" content=\"2026-03-23T08:41:48+00:00\" \/>\n<meta property=\"og:image\" content=\"https:\/\/petcellpen.com\/wp-content\/uploads\/2024\/09\/logo-petcellpen.png\" \/>\n<meta name=\"twitter:card\" content=\"summary_large_image\" \/>\n<meta name=\"twitter:label1\" content=\"Tempo di lettura stimato\" \/>\n\t<meta name=\"twitter:data1\" content=\"1 minuto\" \/>\n<script type=\"application\/ld+json\" class=\"yoast-schema-graph\">{\"@context\":\"https:\/\/schema.org\",\"@graph\":[{\"@type\":\"WebPage\",\"@id\":\"https:\/\/petcellpen.com\/it\/casi-clinici\/\",\"url\":\"https:\/\/petcellpen.com\/it\/casi-clinici\/\",\"name\":\"Casi clinici - petCellPen\u00ae \/ equCellPen\u00ae | Livisto Animal Health\",\"isPartOf\":{\"@id\":\"https:\/\/petcellpen.com\/it\/#website\"},\"primaryImageOfPage\":{\"@id\":\"https:\/\/petcellpen.com\/it\/casi-clinici\/#primaryimage\"},\"image\":{\"@id\":\"https:\/\/petcellpen.com\/it\/casi-clinici\/#primaryimage\"},\"thumbnailUrl\":\"https:\/\/petcellpen.com\/wp-content\/uploads\/2024\/09\/logo-petcellpen.png\",\"datePublished\":\"2026-03-19T07:25:40+00:00\",\"dateModified\":\"2026-03-23T08:41:48+00:00\",\"breadcrumb\":{\"@id\":\"https:\/\/petcellpen.com\/it\/casi-clinici\/#breadcrumb\"},\"inLanguage\":\"it-IT\",\"potentialAction\":[{\"@type\":\"ReadAction\",\"target\":[\"https:\/\/petcellpen.com\/it\/casi-clinici\/\"]}]},{\"@type\":\"ImageObject\",\"inLanguage\":\"it-IT\",\"@id\":\"https:\/\/petcellpen.com\/it\/casi-clinici\/#primaryimage\",\"url\":\"https:\/\/petcellpen.com\/wp-content\/uploads\/2024\/09\/logo-petcellpen.png\",\"contentUrl\":\"https:\/\/petcellpen.com\/wp-content\/uploads\/2024\/09\/logo-petcellpen.png\"},{\"@type\":\"BreadcrumbList\",\"@id\":\"https:\/\/petcellpen.com\/it\/casi-clinici\/#breadcrumb\",\"itemListElement\":[{\"@type\":\"ListItem\",\"position\":1,\"name\":\"Portada\",\"item\":\"https:\/\/petcellpen.com\/it\/\"},{\"@type\":\"ListItem\",\"position\":2,\"name\":\"Casi clinici\"}]},{\"@type\":\"WebSite\",\"@id\":\"https:\/\/petcellpen.com\/it\/#website\",\"url\":\"https:\/\/petcellpen.com\/it\/\",\"name\":\"petCellPen\u00ae \/ equCellPen\u00ae | Livisto Animal Health\",\"description\":\"Terapia con plasma atmosf\u00e9rico fr\u00edo (CAP) en animales de compa\u00f1\u00eda\",\"publisher\":{\"@id\":\"https:\/\/petcellpen.com\/it\/#organization\"},\"potentialAction\":[{\"@type\":\"SearchAction\",\"target\":{\"@type\":\"EntryPoint\",\"urlTemplate\":\"https:\/\/petcellpen.com\/it\/?s={search_term_string}\"},\"query-input\":{\"@type\":\"PropertyValueSpecification\",\"valueRequired\":true,\"valueName\":\"search_term_string\"}}],\"inLanguage\":\"it-IT\"},{\"@type\":\"Organization\",\"@id\":\"https:\/\/petcellpen.com\/it\/#organization\",\"name\":\"petCellPen\u00ae \/ equCellPen\u00ae | Livisto Animal Health\",\"url\":\"https:\/\/petcellpen.com\/it\/\",\"logo\":{\"@type\":\"ImageObject\",\"inLanguage\":\"it-IT\",\"@id\":\"https:\/\/petcellpen.com\/it\/#\/schema\/logo\/image\/\",\"url\":\"https:\/\/petcellpen.com\/wp-content\/uploads\/2024\/09\/favicon.png\",\"contentUrl\":\"https:\/\/petcellpen.com\/wp-content\/uploads\/2024\/09\/favicon.png\",\"width\":512,\"height\":512,\"caption\":\"petCellPen\u00ae \/ equCellPen\u00ae | Livisto Animal Health\"},\"image\":{\"@id\":\"https:\/\/petcellpen.com\/it\/#\/schema\/logo\/image\/\"}}]}<\/script>\n<!-- \/ Yoast SEO plugin. -->","yoast_head_json":{"title":"Casi clinici - petCellPen\u00ae \/ equCellPen\u00ae | Livisto Animal Health","robots":{"index":"index","follow":"follow","max-snippet":"max-snippet:-1","max-image-preview":"max-image-preview:large","max-video-preview":"max-video-preview:-1"},"canonical":"https:\/\/petcellpen.com\/it\/casi-clinici\/","og_locale":"it_IT","og_type":"article","og_title":"Casi clinici - petCellPen\u00ae \/ equCellPen\u00ae | Livisto Animal Health","og_description":"Veterinario CASI CLINICI Guarigione con Plasma a Freddo: Lesione da Ustione in Cane Corso &#8211; Dott.ssa Turco Anna, DVM(489 KB) Case Report utilizzo di Plasma Freddo in Dermatologia Veterinaria &#8211; Dr.ssa Sofia Chiodi DVM(639 KB) VetDerm La mia esperienza &#8211; Federica Clemente DMV, MsC II livello Divulgazione Scientifica(32,2 MB)","og_url":"https:\/\/petcellpen.com\/it\/casi-clinici\/","og_site_name":"petCellPen\u00ae \/ equCellPen\u00ae | Livisto Animal Health","article_modified_time":"2026-03-23T08:41:48+00:00","og_image":[{"url":"https:\/\/petcellpen.com\/wp-content\/uploads\/2024\/09\/logo-petcellpen.png"}],"twitter_card":"summary_large_image","twitter_misc":{"Tempo di lettura stimato":"1 minuto"},"schema":{"@context":"https:\/\/schema.org","@graph":[{"@type":"WebPage","@id":"https:\/\/petcellpen.com\/it\/casi-clinici\/","url":"https:\/\/petcellpen.com\/it\/casi-clinici\/","name":"Casi clinici - petCellPen\u00ae \/ equCellPen\u00ae | Livisto Animal Health","isPartOf":{"@id":"https:\/\/petcellpen.com\/it\/#website"},"primaryImageOfPage":{"@id":"https:\/\/petcellpen.com\/it\/casi-clinici\/#primaryimage"},"image":{"@id":"https:\/\/petcellpen.com\/it\/casi-clinici\/#primaryimage"},"thumbnailUrl":"https:\/\/petcellpen.com\/wp-content\/uploads\/2024\/09\/logo-petcellpen.png","datePublished":"2026-03-19T07:25:40+00:00","dateModified":"2026-03-23T08:41:48+00:00","breadcrumb":{"@id":"https:\/\/petcellpen.com\/it\/casi-clinici\/#breadcrumb"},"inLanguage":"it-IT","potentialAction":[{"@type":"ReadAction","target":["https:\/\/petcellpen.com\/it\/casi-clinici\/"]}]},{"@type":"ImageObject","inLanguage":"it-IT","@id":"https:\/\/petcellpen.com\/it\/casi-clinici\/#primaryimage","url":"https:\/\/petcellpen.com\/wp-content\/uploads\/2024\/09\/logo-petcellpen.png","contentUrl":"https:\/\/petcellpen.com\/wp-content\/uploads\/2024\/09\/logo-petcellpen.png"},{"@type":"BreadcrumbList","@id":"https:\/\/petcellpen.com\/it\/casi-clinici\/#breadcrumb","itemListElement":[{"@type":"ListItem","position":1,"name":"Portada","item":"https:\/\/petcellpen.com\/it\/"},{"@type":"ListItem","position":2,"name":"Casi clinici"}]},{"@type":"WebSite","@id":"https:\/\/petcellpen.com\/it\/#website","url":"https:\/\/petcellpen.com\/it\/","name":"petCellPen\u00ae \/ equCellPen\u00ae | Livisto Animal Health","description":"Terapia con plasma atmosf\u00e9rico fr\u00edo (CAP) en animales de compa\u00f1\u00eda","publisher":{"@id":"https:\/\/petcellpen.com\/it\/#organization"},"potentialAction":[{"@type":"SearchAction","target":{"@type":"EntryPoint","urlTemplate":"https:\/\/petcellpen.com\/it\/?s={search_term_string}"},"query-input":{"@type":"PropertyValueSpecification","valueRequired":true,"valueName":"search_term_string"}}],"inLanguage":"it-IT"},{"@type":"Organization","@id":"https:\/\/petcellpen.com\/it\/#organization","name":"petCellPen\u00ae \/ equCellPen\u00ae | Livisto Animal Health","url":"https:\/\/petcellpen.com\/it\/","logo":{"@type":"ImageObject","inLanguage":"it-IT","@id":"https:\/\/petcellpen.com\/it\/#\/schema\/logo\/image\/","url":"https:\/\/petcellpen.com\/wp-content\/uploads\/2024\/09\/favicon.png","contentUrl":"https:\/\/petcellpen.com\/wp-content\/uploads\/2024\/09\/favicon.png","width":512,"height":512,"caption":"petCellPen\u00ae \/ equCellPen\u00ae | Livisto Animal Health"},"image":{"@id":"https:\/\/petcellpen.com\/it\/#\/schema\/logo\/image\/"}}]}},"_links":{"self":[{"href":"https:\/\/petcellpen.com\/it\/wp-json\/wp\/v2\/pages\/5325"}],"collection":[{"href":"https:\/\/petcellpen.com\/it\/wp-json\/wp\/v2\/pages"}],"about":[{"href":"https:\/\/petcellpen.com\/it\/wp-json\/wp\/v2\/types\/page"}],"author":[{"embeddable":true,"href":"https:\/\/petcellpen.com\/it\/wp-json\/wp\/v2\/users\/1"}],"replies":[{"embeddable":true,"href":"https:\/\/petcellpen.com\/it\/wp-json\/wp\/v2\/comments?post=5325"}],"version-history":[{"count":13,"href":"https:\/\/petcellpen.com\/it\/wp-json\/wp\/v2\/pages\/5325\/revisions"}],"predecessor-version":[{"id":5353,"href":"https:\/\/petcellpen.com\/it\/wp-json\/wp\/v2\/pages\/5325\/revisions\/5353"}],"wp:attachment":[{"href":"https:\/\/petcellpen.com\/it\/wp-json\/wp\/v2\/media?parent=5325"}],"curies":[{"name":"wp","href":"https:\/\/api.w.org\/{rel}","templated":true}]}}