{"id":3424,"date":"2024-09-06T11:34:40","date_gmt":"2024-09-06T09:34:40","guid":{"rendered":"https:\/\/petcellpen.com\/politica-de-cookies\/"},"modified":"2025-03-14T10:47:32","modified_gmt":"2025-03-14T08:47:32","slug":"politica-sui-cookie","status":"publish","type":"page","link":"https:\/\/petcellpen.com\/it\/politica-sui-cookie\/","title":{"rendered":"Politica sui cookie"},"content":{"rendered":"\t\t<div data-elementor-type=\"wp-page\" data-elementor-id=\"3424\" class=\"elementor elementor-3424 elementor-13\" data-elementor-post-type=\"page\">\n\t\t\t\t\t\t<section class=\"elementor-section elementor-top-section elementor-element elementor-element-39234ec elementor-section-boxed elementor-section-height-default elementor-section-height-default\" data-id=\"39234ec\" data-element_type=\"section\">\n\t\t\t\t\t\t<div class=\"elementor-container elementor-column-gap-default\">\n\t\t\t\t\t<div class=\"elementor-column elementor-col-100 elementor-top-column elementor-element elementor-element-309b5bc\" data-id=\"309b5bc\" data-element_type=\"column\">\n\t\t\t<div class=\"elementor-widget-wrap elementor-element-populated\">\n\t\t\t\t\t\t<div class=\"elementor-element elementor-element-3202c67 elementor-widget elementor-widget-text-editor\" data-id=\"3202c67\" data-element_type=\"widget\" data-widget_type=\"text-editor.default\">\n\t\t\t\t<div class=\"elementor-widget-container\">\n\t\t\t\t\t\t\t<h3>Cosa sono i cookie?<\/h3>\n<p>I cookie sono piccoli file che includono quantit\u00e0 di dati che vengono scaricati e installati su un dispositivo durante la navigazione in un sito web. Nelle successive visualizzazioni del sito Web, i cookie vengono restituiti al sito Web originale o ad altri siti Web che riconoscono detti cookie. I cookie sono utili perch\u00e9 consentono di memorizzare e recuperare informazioni sul numero di visitatori, sulle abitudini di navigazione degli utenti e dei dispositivi e, a seconda delle informazioni che contengono e del modo in cui gli utenti utilizzano il dispositivo, possono anche essere utili per riconoscere gli utenti. Maggiori informazioni sui cookie sono disponibili su&nbsp;<a href=\"http:\/\/www.allaboutcookies.org\/\" target=\"_blank\" rel=\"noreferrer noopener\">www.allaboutcookies.org<\/a>.<\/p>\n<h3>Che tipo di cookie vengono utilizzati in questo sito?<\/h3>\n<p>Il sito https:\/\/petcellpen.com (il \u201cSito Web\u201d) utilizza la seguente tipologia di cookie:<\/p>\n<ul>\n<li>In base alla durata<br><ul>\n<li>Cookie di sessione: questi cookie esistono solo durante la sessione degli utenti che visitano il sito web. Scompaiono dal dispositivo quando gli utenti chiudono il browser o spengono il dispositivo. Se gli utenti hanno scelto di identificarsi attraverso eventuali meccanismi abilitati, utilizzeremo cookie di sessione contenenti informazioni crittografate per differenziarli dagli altri utenti.<\/li>\n<li>Cookie persistenti: questi cookie rimangono memorizzati nel dispositivo dell\u2019utente dopo la chiusura del browser o lo spegnimento del dispositivo. Si attivano ogni volta che un utente visita il sito web che ha creato il cookie in particolare. Visitando il Sito, all\u2019utente viene assegnato un identificatore univoco, che \u00e8 associato a un cookie persistente che verr\u00e0 scaricato sul browser dell\u2019utente.<\/li>\n<\/ul>\n<\/li>\n<li>In base all\u2019entit\u00e0 che installa i cookie<br><ul>\n<li>Cookie propri \u2013 Le informazioni raccolte tramite questi cookie sono gestite da LIVISTO al fine di fornire il servizio richiesto dall\u2019utente.<\/li>\n<li>Cookie di terze parti \u2013 le informazioni ottenute tramite questi cookie sono gestite da Google, Inc.<\/li>\n<\/ul>\n<\/li>\n<li>A seconda dello scopo dell\u2019installazione di questi cookie<br><ul>\n<li>Cookie tecnici \u2013 sono quelli che consentono all\u2019utente la navigazione e l\u2019utilizzo delle diverse opzioni e servizi offerti sul Sito, quali il controllo del traffico e la comunicazione di dati, l\u2019identificazione di sessioni, la richiesta di informazioni, la visualizzazione di video, l\u2019uso di elementi di sicurezza durante la navigazione o la memorizzazione, l\u2019informativa o condivisione di contenuti.<\/li>\n<li>Cookie analitici \u2013 sono quelli che consentono di registrare il numero dei visitatori e misurare ed effettuare analisi statistiche sull\u2019utilizzo e sull\u2019attivit\u00e0 degli utenti, nonch\u00e9 creare profili di navigazione per apportare miglioramenti al Sito.<\/li>\n<\/ul>\n<\/li>\n<\/ul>\n<p>Di seguito una breve descrizione dei cookie utilizzati nel Sito e delle sue finalit\u00e0<\/p>\n<p>[cookie_audit]<\/p>\n<p>Come segnalato nell\u2019intestazione della homepage, si presume che l\u2019utente accetti l\u2019installazione e l\u2019utilizzo dei cookie menzionati in questa sezione se prosegue la navigazione nel Sito. Se l\u2019utente rifiuta di installare detti cookie o se ha le impostazioni di accettazione dei cookie disattivate, acconsente che la navigazione in diverse sezioni del Sito possa essere limitata. Fermo restando quanto sopra, in nessun caso la mancata installazione di alcun cookie osta all\u2019esercizio dinanzi alla Fondazione dei diritti legalmente riconosciuti.<\/p>\n<h3>Come disabilitare o eliminare i cookie?<\/h3>\n<p>Gli utenti possono accettare l\u2019installazione di detti cookie, nonch\u00e9 disattivare, bloccare o eliminare tali cookie in qualsiasi momento, utilizzando le impostazioni del proprio browser:<\/p>\n<ul>\n<li>Impostazioni dei cookie in Internet Explorer \u2013 http:\/\/windows.microsoft.com\/en-us\/windows7\/block-enable-or-allow-cookies<\/li>\n<li>Impostazioni dei cookie in Firefox \u2013 https:\/\/support.mozilla.org\/en-US\/kb\/enable-and-disable-cookies-website-preferences<\/li>\n<li>Impostazioni dei cookie in Google Chrome \u2013https:\/\/support.google.com\/chrome\/answer\/95647?hl=en<\/li>\n<li>Impostazioni dei cookie in Safari \u2013https:\/\/support.apple.com\/en-gb\/HT201265<\/li>\n<li>Impostazioni dei cookie in Windows Phone -http:\/\/www.windowsphone.com\/en-us\/how-to\/wp7\/web\/changing-privacy-and-other-browser-settings<\/li>\n<\/ul>\n<h3>Aggiornamenti della politica sui cookie<\/h3>\n<p>PetCellPen si riserva il diritto di modificare la presente Cookie Policy al fine di adempiere ad obblighi legislativi o per adeguarla alla tipologia di cookie utilizzati in questo Sito, richiedendo il consenso informato degli utenti ove previsto dalla legge.<\/p>\n<h3>Statistiche di Google<\/h3>\n<p>Questo sito web utilizza Google Analytics, un servizio di analisi web fornito da Google, Inc. (\u201cGoogle\u201d). Google Analytics utilizza dei \u201ccookie\u201d, che sono file di testo che vengono depositati sul Vostro computer per consentire al sito web di analizzare come gli utenti utilizzano il sito. Le informazioni generate dal cookie sull\u2019utilizzo del sito Web (compreso il tuo indirizzo IP) verranno trasmesse e archiviate da Google su server negli Stati Uniti. In caso di attivazione dell\u2019anonimizzazione dell\u2019IP, Google troncher\u00e0\/render\u00e0 anonimo l\u2019ultimo ottetto dell\u2019indirizzo IP per gli Stati membri dell\u2019Unione Europea e per le altre parti dell\u2019Accordo sullo Spazio economico europeo. Solo in casi eccezionali, l\u2019indirizzo IP completo viene inviato e abbreviato dai server di Google negli Stati Uniti. Per conto del provider del sito web, Google utilizzer\u00e0 queste informazioni allo scopo di tracciare un\u2019analisi dell\u2019utilizzo del sito web da parte dell\u2019utente, compilare report sull\u2019attivit\u00e0 del sito web per gli operatori del sito web e fornire altri servizi relativi all\u2019attivit\u00e0 del sito web e all\u2019utilizzo di Internet al provider del sito web. Google non assocer\u00e0 il tuo indirizzo IP a nessun altro dato posseduto da Google. Puoi rifiutare l\u2019uso dei cookie selezionando le impostazioni appropriate sul tuo browser. Tuttavia, tieni presente che se lo fai, potresti non essere in grado di utilizzare tutte le funzionalit\u00e0 di questo sito Web. Inoltre puoi impedire la raccolta e l\u2019utilizzo di dati da parte di Google (cookie e indirizzo IP) scaricando e installando il plug-in del browser disponibile in&nbsp;<a href=\"https:\/\/tools.google.com\/dlpage\/gaoptout?hl=en-GB\" target=\"_blank\" rel=\"noreferrer noopener\">https:\/\/tools.google.com\/dlpage\/gaoptout?hl=en-GB<\/a>.<\/p>\n<p>Puoi rifiutare l\u2019uso di Google Analytics facendo clic sul seguente link. Sul computer verr\u00e0 impostato un cookie di opt-out, che impedisce la futura raccolta dei tuoi dati durante la visita di questo sito Web: Disattiva Google Analytics.<\/p>\n<p><\/p>\n<p>Ulteriori informazioni sui termini e le condizioni d\u2019uso e sulla privacy dei dati sono disponibili all\u2019indirizzo http:\/\/www.google.com\/analytics\/terms\/gb.html o all\u2019indirizzo https:\/\/www.google.de\/intl\/en_uk\/policies\/. Si prega di notare che su questo sito Web, il codice di Google Analytics \u00e8 integrato da \u201canonymizeIp\u201d per garantire una raccolta anonima di indirizzi IP (il cosiddetto IP-masking).<\/p>\t\t\t\t\t\t<\/div>\n\t\t\t\t<\/div>\n\t\t\t\t<div class=\"elementor-element elementor-element-b9e32d7 elementor-widget elementor-widget-shortcode\" data-id=\"b9e32d7\" data-element_type=\"widget\" data-widget_type=\"shortcode.default\">\n\t\t\t\t<div class=\"elementor-widget-container\">\n\t\t\t\t\t<div class=\"elementor-shortcode\">[cookie_audit]<\/div>\n\t\t\t\t<\/div>\n\t\t\t\t<\/div>\n\t\t\t\t<div class=\"elementor-element elementor-element-c45e9a9 elementor-widget elementor-widget-text-editor\" data-id=\"c45e9a9\" data-element_type=\"widget\" data-widget_type=\"text-editor.default\">\n\t\t\t\t<div class=\"elementor-widget-container\">\n\t\t\t\t\t\t\t<p><strong>Redes Sociales:<\/strong><\/p>\n<p>Cookies de complementos externos de contenidos y Cookies usadas por redes sociales:<\/p>\n<p>En otros sitios que no pertenecen a&nbsp;<strong>LIVISTO&nbsp;<\/strong>se instalan cookies de terceros a todos sus visitantes, aunque no sean usuarios registrados en las correspondientes plataformas:<\/p>\n<ul>\n<li><strong>LIVISTO&nbsp;<\/strong>en&nbsp;<strong>Twitter<\/strong>. Sus finalidades est\u00e1n descritas en la P\u00e1gina de Cookies de&nbsp;<strong>Twitter<\/strong>:&nbsp;<a href=\"https:\/\/help.x.com\/es\/rules-and-policies\/x-cookies\">https:\/\/help.x.com\/es\/rules-and-policies\/x-cookies<\/a><\/li>\n<li><strong>LIVISTO&nbsp;<\/strong>en&nbsp;<strong>Facebook<\/strong>. Sus finalidades est\u00e1n descritas en la P\u00e1gina de Cookies de&nbsp;<strong>Facebook<\/strong>:&nbsp;<a href=\"https:\/\/es-es.facebook.com\/privacy\/policies\/cookies\/?entry_point=cookie_policy_redirect&#038;entry=0\">https:\/\/es-es.facebook.com\/privacy\/policies\/cookies\/?entry_point=cookie_policy_redirect&#038;entry=0<\/a><\/li>\n<li><strong>LIVISTO&nbsp;<\/strong>en&nbsp;<strong>LinkedIn<\/strong>. Sus finalidades est\u00e1n descritas en la P\u00e1gina de Cookies de&nbsp;<strong>LinkedIn<\/strong>:&nbsp;<a href=\"https:\/\/www.linkedin.com\/legal\/cookie-policy?trk=organization-guest_footer-cookie-policy\">https:\/\/www.linkedin.com\/legal\/cookie-policy?trk=organization-guest_footer-cookie-policy<\/a><\/li>\n<li><strong>LIVISTO&nbsp;<\/strong>en&nbsp;<strong>YouTube<\/strong>. Sus finalidades est\u00e1n descritas en la P\u00e1gina de Cookies de&nbsp;<strong>YouTube<\/strong>:&nbsp;<a href=\"https:\/\/www.google.es\/intl\/es\/policies\/privacy\/key-terms\/#toc-terms-cookie\">https:\/\/www.google.es\/intl\/es\/policies\/privacy\/key-terms\/#toc-terms-cookie<\/a><\/li>\n<li><strong>LIVISTO&nbsp;<\/strong>en&nbsp;<strong>Instagram.&nbsp;<\/strong>Sus finalidades est\u00e1n descritas en la P\u00e1gina de Cookies de<strong>&nbsp;Instagram:&nbsp;<\/strong><a href=\"https:\/\/privacycenter.instagram.com\/policies\/cookies\/\" target=\"_blank\">https:\/\/privacycenter.instagram.com\/policies\/cookies\/<\/a><\/li>\n<\/ul>\n<p><strong>Esta informaci\u00f3n la utilizamos para mejorar nuestra p\u00e1gina<\/strong>, detectar nuevas necesidades y valorar las mejoras a introducir con la finalidad de prestar un mejor servicio a los usuarios que nos visitan.<\/p>\n<p><strong>Para permitir, conocer, bloquear o eliminar las cookies instaladas en tu equipo puedes hacerlo mediante la configuraci\u00f3n de las opciones del navegador instalado en su ordenador<\/strong>.<\/p>\n<p>Por ejemplo, puedes encontrar informaci\u00f3n sobre c\u00f3mo hacerlo en el caso que uses alguno de estos navegadores:<\/p>\n<p>Firefox desde aqu\u00ed:<\/p>\n<p><u><a href=\"http:\/\/support.mozilla.org\/es\/kb\/habilitar-y-deshabilitar-cookies-que-los-sitios-we\">http:\/\/support.mozilla.org\/es\/kb\/habilitar-y-deshabilitar-cookies-que-los-sitios-we<\/a><\/u><\/p>\n<p>Chrome desde aqu\u00ed:<\/p>\n<p><u><a href=\"http:\/\/support.google.com\/chrome\/bin\/answer.py?hl=es&amp;answer=95647\">http:\/\/support.google.com\/chrome\/bin\/answer.py?hl=es&amp;answer=95647<\/a><\/u><\/p>\n<p>Explorer desde aqu\u00ed:<\/p>\n<p><a href=\"https:\/\/support.microsoft.com\/es-es\/help\/17442\/windows-internet-explorer-delete-manage-cookies\">https:\/\/support.microsoft.com\/es-es\/help\/17442\/windows-internet-explorer-delete-manage-cookies<\/a><\/p>\n<p>Safari desde aqu\u00ed:<\/p>\n<p><u><a href=\"http:\/\/support.apple.com\/kb\/ph5042\">http:\/\/support.apple.com\/kb\/ph5042<\/a><\/u><\/p>\n<p>Opera desde aqu\u00ed:<\/p>\n<p><u><a href=\"http:\/\/help.opera.com\/Windows\/11.50\/es-ES\/cookies.html\">http:\/\/help.opera.com\/Windows\/11.50\/es-ES\/cookies.html<\/a><\/u><\/p>\t\t\t\t\t\t<\/div>\n\t\t\t\t<\/div>\n\t\t\t\t\t<\/div>\n\t\t<\/div>\n\t\t\t\t\t<\/div>\n\t\t<\/section>\n\t\t\t\t<\/div>\n\t\t","protected":false},"excerpt":{"rendered":"<p>Cosa sono i cookie? I cookie sono piccoli file che includono quantit\u00e0 di dati che vengono scaricati e installati su un dispositivo durante la navigazione in un sito web. Nelle successive visualizzazioni del sito Web, i cookie vengono restituiti al sito Web originale o ad altri siti Web che riconoscono detti cookie. I cookie sono [&hellip;]<\/p>\n","protected":false},"author":1,"featured_media":0,"parent":0,"menu_order":80,"comment_status":"closed","ping_status":"closed","template":"page-legal.php","meta":{"_acf_changed":false,"inline_featured_image":false,"footnotes":""},"class_list":["post-3424","page","type-page","status-publish","hentry"],"acf":[],"yoast_head":"<!-- This site is optimized with the Yoast SEO plugin v23.5 - https:\/\/yoast.com\/wordpress\/plugins\/seo\/ -->\n<title>Politica sui cookie - petCellPen\u00ae \/ equCellPen\u00ae | Livisto Animal Health<\/title>\n<meta name=\"robots\" content=\"noindex, nofollow\" \/>\n<meta property=\"og:locale\" content=\"it_IT\" \/>\n<meta property=\"og:type\" content=\"article\" \/>\n<meta property=\"og:title\" content=\"Politica sui cookie - petCellPen\u00ae \/ equCellPen\u00ae | Livisto Animal Health\" \/>\n<meta property=\"og:description\" content=\"Cosa sono i cookie? I cookie sono piccoli file che includono quantit\u00e0 di dati che vengono scaricati e installati su un dispositivo durante la navigazione in un sito web. Nelle successive visualizzazioni del sito Web, i cookie vengono restituiti al sito Web originale o ad altri siti Web che riconoscono detti cookie. I cookie sono [&hellip;]\" \/>\n<meta property=\"og:url\" content=\"https:\/\/petcellpen.com\/it\/politica-sui-cookie\/\" \/>\n<meta property=\"og:site_name\" content=\"petCellPen\u00ae \/ equCellPen\u00ae | Livisto Animal Health\" \/>\n<meta property=\"article:modified_time\" content=\"2025-03-14T08:47:32+00:00\" \/>\n<meta name=\"twitter:card\" content=\"summary_large_image\" \/>\n<meta name=\"twitter:label1\" content=\"Tempo di lettura stimato\" \/>\n\t<meta name=\"twitter:data1\" content=\"6 minuti\" \/>\n<script type=\"application\/ld+json\" class=\"yoast-schema-graph\">{\"@context\":\"https:\/\/schema.org\",\"@graph\":[{\"@type\":\"WebPage\",\"@id\":\"https:\/\/petcellpen.com\/it\/politica-sui-cookie\/\",\"url\":\"https:\/\/petcellpen.com\/it\/politica-sui-cookie\/\",\"name\":\"Politica sui cookie - petCellPen\u00ae \/ equCellPen\u00ae | Livisto Animal Health\",\"isPartOf\":{\"@id\":\"https:\/\/petcellpen.com\/it\/#website\"},\"datePublished\":\"2024-09-06T09:34:40+00:00\",\"dateModified\":\"2025-03-14T08:47:32+00:00\",\"breadcrumb\":{\"@id\":\"https:\/\/petcellpen.com\/it\/politica-sui-cookie\/#breadcrumb\"},\"inLanguage\":\"it-IT\",\"potentialAction\":[{\"@type\":\"ReadAction\",\"target\":[\"https:\/\/petcellpen.com\/it\/politica-sui-cookie\/\"]}]},{\"@type\":\"BreadcrumbList\",\"@id\":\"https:\/\/petcellpen.com\/it\/politica-sui-cookie\/#breadcrumb\",\"itemListElement\":[{\"@type\":\"ListItem\",\"position\":1,\"name\":\"Portada\",\"item\":\"https:\/\/petcellpen.com\/it\/\"},{\"@type\":\"ListItem\",\"position\":2,\"name\":\"Politica sui cookie\"}]},{\"@type\":\"WebSite\",\"@id\":\"https:\/\/petcellpen.com\/it\/#website\",\"url\":\"https:\/\/petcellpen.com\/it\/\",\"name\":\"petCellPen\u00ae \/ equCellPen\u00ae | Livisto Animal Health\",\"description\":\"Terapia con plasma atmosf\u00e9rico fr\u00edo (CAP) en animales de compa\u00f1\u00eda\",\"publisher\":{\"@id\":\"https:\/\/petcellpen.com\/it\/#organization\"},\"potentialAction\":[{\"@type\":\"SearchAction\",\"target\":{\"@type\":\"EntryPoint\",\"urlTemplate\":\"https:\/\/petcellpen.com\/it\/?s={search_term_string}\"},\"query-input\":{\"@type\":\"PropertyValueSpecification\",\"valueRequired\":true,\"valueName\":\"search_term_string\"}}],\"inLanguage\":\"it-IT\"},{\"@type\":\"Organization\",\"@id\":\"https:\/\/petcellpen.com\/it\/#organization\",\"name\":\"petCellPen\u00ae \/ equCellPen\u00ae | Livisto Animal Health\",\"url\":\"https:\/\/petcellpen.com\/it\/\",\"logo\":{\"@type\":\"ImageObject\",\"inLanguage\":\"it-IT\",\"@id\":\"https:\/\/petcellpen.com\/it\/#\/schema\/logo\/image\/\",\"url\":\"https:\/\/petcellpen.com\/wp-content\/uploads\/2024\/09\/favicon.png\",\"contentUrl\":\"https:\/\/petcellpen.com\/wp-content\/uploads\/2024\/09\/favicon.png\",\"width\":512,\"height\":512,\"caption\":\"petCellPen\u00ae \/ equCellPen\u00ae | Livisto Animal Health\"},\"image\":{\"@id\":\"https:\/\/petcellpen.com\/it\/#\/schema\/logo\/image\/\"}}]}<\/script>\n<!-- \/ Yoast SEO plugin. -->","yoast_head_json":{"title":"Politica sui cookie - petCellPen\u00ae \/ equCellPen\u00ae | Livisto Animal Health","robots":{"index":"noindex","follow":"nofollow"},"og_locale":"it_IT","og_type":"article","og_title":"Politica sui cookie - petCellPen\u00ae \/ equCellPen\u00ae | Livisto Animal Health","og_description":"Cosa sono i cookie? I cookie sono piccoli file che includono quantit\u00e0 di dati che vengono scaricati e installati su un dispositivo durante la navigazione in un sito web. Nelle successive visualizzazioni del sito Web, i cookie vengono restituiti al sito Web originale o ad altri siti Web che riconoscono detti cookie. I cookie sono [&hellip;]","og_url":"https:\/\/petcellpen.com\/it\/politica-sui-cookie\/","og_site_name":"petCellPen\u00ae \/ equCellPen\u00ae | Livisto Animal Health","article_modified_time":"2025-03-14T08:47:32+00:00","twitter_card":"summary_large_image","twitter_misc":{"Tempo di lettura stimato":"6 minuti"},"schema":{"@context":"https:\/\/schema.org","@graph":[{"@type":"WebPage","@id":"https:\/\/petcellpen.com\/it\/politica-sui-cookie\/","url":"https:\/\/petcellpen.com\/it\/politica-sui-cookie\/","name":"Politica sui cookie - petCellPen\u00ae \/ equCellPen\u00ae | Livisto Animal Health","isPartOf":{"@id":"https:\/\/petcellpen.com\/it\/#website"},"datePublished":"2024-09-06T09:34:40+00:00","dateModified":"2025-03-14T08:47:32+00:00","breadcrumb":{"@id":"https:\/\/petcellpen.com\/it\/politica-sui-cookie\/#breadcrumb"},"inLanguage":"it-IT","potentialAction":[{"@type":"ReadAction","target":["https:\/\/petcellpen.com\/it\/politica-sui-cookie\/"]}]},{"@type":"BreadcrumbList","@id":"https:\/\/petcellpen.com\/it\/politica-sui-cookie\/#breadcrumb","itemListElement":[{"@type":"ListItem","position":1,"name":"Portada","item":"https:\/\/petcellpen.com\/it\/"},{"@type":"ListItem","position":2,"name":"Politica sui cookie"}]},{"@type":"WebSite","@id":"https:\/\/petcellpen.com\/it\/#website","url":"https:\/\/petcellpen.com\/it\/","name":"petCellPen\u00ae \/ equCellPen\u00ae | Livisto Animal Health","description":"Terapia con plasma atmosf\u00e9rico fr\u00edo (CAP) en animales de compa\u00f1\u00eda","publisher":{"@id":"https:\/\/petcellpen.com\/it\/#organization"},"potentialAction":[{"@type":"SearchAction","target":{"@type":"EntryPoint","urlTemplate":"https:\/\/petcellpen.com\/it\/?s={search_term_string}"},"query-input":{"@type":"PropertyValueSpecification","valueRequired":true,"valueName":"search_term_string"}}],"inLanguage":"it-IT"},{"@type":"Organization","@id":"https:\/\/petcellpen.com\/it\/#organization","name":"petCellPen\u00ae \/ equCellPen\u00ae | Livisto Animal Health","url":"https:\/\/petcellpen.com\/it\/","logo":{"@type":"ImageObject","inLanguage":"it-IT","@id":"https:\/\/petcellpen.com\/it\/#\/schema\/logo\/image\/","url":"https:\/\/petcellpen.com\/wp-content\/uploads\/2024\/09\/favicon.png","contentUrl":"https:\/\/petcellpen.com\/wp-content\/uploads\/2024\/09\/favicon.png","width":512,"height":512,"caption":"petCellPen\u00ae \/ equCellPen\u00ae | Livisto Animal Health"},"image":{"@id":"https:\/\/petcellpen.com\/it\/#\/schema\/logo\/image\/"}}]}},"_links":{"self":[{"href":"https:\/\/petcellpen.com\/it\/wp-json\/wp\/v2\/pages\/3424"}],"collection":[{"href":"https:\/\/petcellpen.com\/it\/wp-json\/wp\/v2\/pages"}],"about":[{"href":"https:\/\/petcellpen.com\/it\/wp-json\/wp\/v2\/types\/page"}],"author":[{"embeddable":true,"href":"https:\/\/petcellpen.com\/it\/wp-json\/wp\/v2\/users\/1"}],"replies":[{"embeddable":true,"href":"https:\/\/petcellpen.com\/it\/wp-json\/wp\/v2\/comments?post=3424"}],"version-history":[{"count":11,"href":"https:\/\/petcellpen.com\/it\/wp-json\/wp\/v2\/pages\/3424\/revisions"}],"predecessor-version":[{"id":4185,"href":"https:\/\/petcellpen.com\/it\/wp-json\/wp\/v2\/pages\/3424\/revisions\/4185"}],"wp:attachment":[{"href":"https:\/\/petcellpen.com\/it\/wp-json\/wp\/v2\/media?parent=3424"}],"curies":[{"name":"wp","href":"https:\/\/api.w.org\/{rel}","templated":true}]}}