{"id":4098,"date":"2024-09-26T13:57:02","date_gmt":"2024-09-26T11:57:02","guid":{"rendered":"https:\/\/petcellpen.com\/login\/"},"modified":"2024-09-26T13:57:02","modified_gmt":"2024-09-26T11:57:02","slug":"login","status":"publish","type":"page","link":"https:\/\/petcellpen.com\/en\/login\/","title":{"rendered":"Login"},"content":{"rendered":"","protected":false},"excerpt":{"rendered":"","protected":false},"author":1,"featured_media":0,"parent":0,"menu_order":90,"comment_status":"closed","ping_status":"closed","template":"page-login.php","meta":{"_acf_changed":false,"inline_featured_image":false,"footnotes":""},"class_list":["post-4098","page","type-page","status-publish","hentry"],"acf":[],"yoast_head":"<!-- This site is optimized with the Yoast SEO plugin v23.5 - https:\/\/yoast.com\/wordpress\/plugins\/seo\/ -->\n<title>Login - petCellPen\u00ae \/ equCellPen\u00ae | Livisto Animal Health<\/title>\n<meta name=\"robots\" content=\"index, follow, max-snippet:-1, max-image-preview:large, max-video-preview:-1\" \/>\n<link rel=\"canonical\" href=\"https:\/\/petcellpen.com\/en\/login\/\" \/>\n<meta property=\"og:locale\" content=\"en_US\" \/>\n<meta property=\"og:type\" content=\"article\" \/>\n<meta property=\"og:title\" content=\"Login - petCellPen\u00ae \/ equCellPen\u00ae | Livisto Animal Health\" \/>\n<meta property=\"og:url\" content=\"https:\/\/petcellpen.com\/en\/login\/\" \/>\n<meta property=\"og:site_name\" content=\"petCellPen\u00ae \/ equCellPen\u00ae | Livisto Animal Health\" \/>\n<meta name=\"twitter:card\" content=\"summary_large_image\" \/>\n<script type=\"application\/ld+json\" class=\"yoast-schema-graph\">{\"@context\":\"https:\/\/schema.org\",\"@graph\":[{\"@type\":\"WebPage\",\"@id\":\"https:\/\/petcellpen.com\/en\/login\/\",\"url\":\"https:\/\/petcellpen.com\/en\/login\/\",\"name\":\"Login - petCellPen\u00ae \/ equCellPen\u00ae | Livisto Animal Health\",\"isPartOf\":{\"@id\":\"https:\/\/petcellpen.com\/en\/#website\"},\"datePublished\":\"2024-09-26T11:57:02+00:00\",\"dateModified\":\"2024-09-26T11:57:02+00:00\",\"breadcrumb\":{\"@id\":\"https:\/\/petcellpen.com\/en\/login\/#breadcrumb\"},\"inLanguage\":\"en-US\",\"potentialAction\":[{\"@type\":\"ReadAction\",\"target\":[\"https:\/\/petcellpen.com\/en\/login\/\"]}]},{\"@type\":\"BreadcrumbList\",\"@id\":\"https:\/\/petcellpen.com\/en\/login\/#breadcrumb\",\"itemListElement\":[{\"@type\":\"ListItem\",\"position\":1,\"name\":\"Portada\",\"item\":\"https:\/\/petcellpen.com\/en\/\"},{\"@type\":\"ListItem\",\"position\":2,\"name\":\"Login\"}]},{\"@type\":\"WebSite\",\"@id\":\"https:\/\/petcellpen.com\/en\/#website\",\"url\":\"https:\/\/petcellpen.com\/en\/\",\"name\":\"petCellPen\u00ae \/ equCellPen\u00ae | Livisto Animal Health\",\"description\":\"Terapia con plasma atmosf\u00e9rico fr\u00edo (CAP) en animales de compa\u00f1\u00eda\",\"publisher\":{\"@id\":\"https:\/\/petcellpen.com\/en\/#organization\"},\"potentialAction\":[{\"@type\":\"SearchAction\",\"target\":{\"@type\":\"EntryPoint\",\"urlTemplate\":\"https:\/\/petcellpen.com\/en\/?s={search_term_string}\"},\"query-input\":{\"@type\":\"PropertyValueSpecification\",\"valueRequired\":true,\"valueName\":\"search_term_string\"}}],\"inLanguage\":\"en-US\"},{\"@type\":\"Organization\",\"@id\":\"https:\/\/petcellpen.com\/en\/#organization\",\"name\":\"petCellPen\u00ae \/ equCellPen\u00ae | Livisto Animal Health\",\"url\":\"https:\/\/petcellpen.com\/en\/\",\"logo\":{\"@type\":\"ImageObject\",\"inLanguage\":\"en-US\",\"@id\":\"https:\/\/petcellpen.com\/en\/#\/schema\/logo\/image\/\",\"url\":\"https:\/\/petcellpen.com\/wp-content\/uploads\/2024\/09\/favicon.png\",\"contentUrl\":\"https:\/\/petcellpen.com\/wp-content\/uploads\/2024\/09\/favicon.png\",\"width\":512,\"height\":512,\"caption\":\"petCellPen\u00ae \/ equCellPen\u00ae | Livisto Animal Health\"},\"image\":{\"@id\":\"https:\/\/petcellpen.com\/en\/#\/schema\/logo\/image\/\"}}]}<\/script>\n<!-- \/ Yoast SEO plugin. -->","yoast_head_json":{"title":"Login - petCellPen\u00ae \/ equCellPen\u00ae | Livisto Animal Health","robots":{"index":"index","follow":"follow","max-snippet":"max-snippet:-1","max-image-preview":"max-image-preview:large","max-video-preview":"max-video-preview:-1"},"canonical":"https:\/\/petcellpen.com\/en\/login\/","og_locale":"en_US","og_type":"article","og_title":"Login - petCellPen\u00ae \/ equCellPen\u00ae | Livisto Animal Health","og_url":"https:\/\/petcellpen.com\/en\/login\/","og_site_name":"petCellPen\u00ae \/ equCellPen\u00ae | Livisto Animal Health","twitter_card":"summary_large_image","schema":{"@context":"https:\/\/schema.org","@graph":[{"@type":"WebPage","@id":"https:\/\/petcellpen.com\/en\/login\/","url":"https:\/\/petcellpen.com\/en\/login\/","name":"Login - petCellPen\u00ae \/ equCellPen\u00ae | Livisto Animal Health","isPartOf":{"@id":"https:\/\/petcellpen.com\/en\/#website"},"datePublished":"2024-09-26T11:57:02+00:00","dateModified":"2024-09-26T11:57:02+00:00","breadcrumb":{"@id":"https:\/\/petcellpen.com\/en\/login\/#breadcrumb"},"inLanguage":"en-US","potentialAction":[{"@type":"ReadAction","target":["https:\/\/petcellpen.com\/en\/login\/"]}]},{"@type":"BreadcrumbList","@id":"https:\/\/petcellpen.com\/en\/login\/#breadcrumb","itemListElement":[{"@type":"ListItem","position":1,"name":"Portada","item":"https:\/\/petcellpen.com\/en\/"},{"@type":"ListItem","position":2,"name":"Login"}]},{"@type":"WebSite","@id":"https:\/\/petcellpen.com\/en\/#website","url":"https:\/\/petcellpen.com\/en\/","name":"petCellPen\u00ae \/ equCellPen\u00ae | Livisto Animal Health","description":"Terapia con plasma atmosf\u00e9rico fr\u00edo (CAP) en animales de compa\u00f1\u00eda","publisher":{"@id":"https:\/\/petcellpen.com\/en\/#organization"},"potentialAction":[{"@type":"SearchAction","target":{"@type":"EntryPoint","urlTemplate":"https:\/\/petcellpen.com\/en\/?s={search_term_string}"},"query-input":{"@type":"PropertyValueSpecification","valueRequired":true,"valueName":"search_term_string"}}],"inLanguage":"en-US"},{"@type":"Organization","@id":"https:\/\/petcellpen.com\/en\/#organization","name":"petCellPen\u00ae \/ equCellPen\u00ae | Livisto Animal Health","url":"https:\/\/petcellpen.com\/en\/","logo":{"@type":"ImageObject","inLanguage":"en-US","@id":"https:\/\/petcellpen.com\/en\/#\/schema\/logo\/image\/","url":"https:\/\/petcellpen.com\/wp-content\/uploads\/2024\/09\/favicon.png","contentUrl":"https:\/\/petcellpen.com\/wp-content\/uploads\/2024\/09\/favicon.png","width":512,"height":512,"caption":"petCellPen\u00ae \/ equCellPen\u00ae | Livisto Animal Health"},"image":{"@id":"https:\/\/petcellpen.com\/en\/#\/schema\/logo\/image\/"}}]}},"_links":{"self":[{"href":"https:\/\/petcellpen.com\/en\/wp-json\/wp\/v2\/pages\/4098"}],"collection":[{"href":"https:\/\/petcellpen.com\/en\/wp-json\/wp\/v2\/pages"}],"about":[{"href":"https:\/\/petcellpen.com\/en\/wp-json\/wp\/v2\/types\/page"}],"author":[{"embeddable":true,"href":"https:\/\/petcellpen.com\/en\/wp-json\/wp\/v2\/users\/1"}],"replies":[{"embeddable":true,"href":"https:\/\/petcellpen.com\/en\/wp-json\/wp\/v2\/comments?post=4098"}],"version-history":[{"count":0,"href":"https:\/\/petcellpen.com\/en\/wp-json\/wp\/v2\/pages\/4098\/revisions"}],"wp:attachment":[{"href":"https:\/\/petcellpen.com\/en\/wp-json\/wp\/v2\/media?parent=4098"}],"curies":[{"name":"wp","href":"https:\/\/api.w.org\/{rel}","templated":true}]}}